{"id":19210,"date":"2023-10-09T11:24:02","date_gmt":"2023-10-09T11:24:02","guid":{"rendered":"https:\/\/www.6dtechnologies.com\/fr\/?page_id=19210"},"modified":"2024-05-06T17:21:37","modified_gmt":"2024-05-06T17:21:37","slug":"case-studies","status":"publish","type":"page","link":"https:\/\/www.6dtechnologies.com\/fr\/case-studies\/","title":{"rendered":"Case Studies"},"content":{"rendered":"\t\t<div data-elementor-type=\"wp-page\" data-elementor-id=\"19210\" class=\"elementor elementor-19210\" data-elementor-post-type=\"page\">\n\t\t\t\t\t\t<section class=\"elementor-section elementor-top-section elementor-element elementor-element-e98686e elementor-section-boxed elementor-section-height-default elementor-section-height-default\" data-id=\"e98686e\" data-element_type=\"section\" data-settings=\"{&quot;background_background&quot;:&quot;classic&quot;}\">\n\t\t\t\t\t\t\t<div class=\"elementor-background-overlay\"><\/div>\n\t\t\t\t\t\t\t<div class=\"elementor-container elementor-column-gap-default\">\n\t\t\t\t\t<div class=\"elementor-column elementor-col-100 elementor-top-column elementor-element elementor-element-9ed90e1\" data-id=\"9ed90e1\" data-element_type=\"column\">\n\t\t\t<div class=\"elementor-widget-wrap elementor-element-populated\">\n\t\t\t\t\t\t<div class=\"elementor-element elementor-element-41bb6c6 elementor-widget elementor-widget-heading\" data-id=\"41bb6c6\" data-element_type=\"widget\" data-widget_type=\"heading.default\">\n\t\t\t\t<div class=\"elementor-widget-container\">\n\t\t\t<h2 class=\"elementor-heading-title elementor-size-default\">Case Studies<\/h2>\t\t<\/div>\n\t\t\t\t<\/div>\n\t\t\t\t\t<\/div>\n\t\t<\/div>\n\t\t\t\t\t<\/div>\n\t\t<\/section>\n\t\t\t\t<section class=\"elementor-section elementor-top-section elementor-element elementor-element-f38df39 elementor-section-full_width elementor-section-height-default elementor-section-height-default\" data-id=\"f38df39\" data-element_type=\"section\" data-settings=\"{&quot;background_background&quot;:&quot;classic&quot;}\">\n\t\t\t\t\t\t<div class=\"elementor-container elementor-column-gap-default\">\n\t\t\t\t\t<div class=\"elementor-column elementor-col-100 elementor-top-column elementor-element elementor-element-4194079\" data-id=\"4194079\" data-element_type=\"column\">\n\t\t\t<div class=\"elementor-widget-wrap elementor-element-populated\">\n\t\t\t\t\t\t<section class=\"elementor-section elementor-inner-section elementor-element elementor-element-bf8c181 elementor-section-boxed elementor-section-height-default elementor-section-height-default\" data-id=\"bf8c181\" data-element_type=\"section\">\n\t\t\t\t\t\t<div class=\"elementor-container elementor-column-gap-extended\">\n\t\t\t\t\t<div class=\"elementor-column elementor-col-100 elementor-inner-column elementor-element elementor-element-6916e12\" data-id=\"6916e12\" data-element_type=\"column\">\n\t\t\t<div class=\"elementor-widget-wrap elementor-element-populated\">\n\t\t\t\t\t\t<div class=\"elementor-element elementor-element-f792224 elementor-widget elementor-widget-shortcode\" data-id=\"f792224\" data-element_type=\"widget\" data-widget_type=\"shortcode.default\">\n\t\t\t\t<div class=\"elementor-widget-container\">\n\t\t\t\t\t<div class=\"elementor-shortcode\"><nav aria-label=\"breadcrumbs\" class=\"rank-math-breadcrumb\"><p><span class=\"last\">Home<\/span><\/p><\/nav><\/div>\n\t\t\t\t<\/div>\n\t\t\t\t<\/div>\n\t\t\t\t\t<\/div>\n\t\t<\/div>\n\t\t\t\t\t<\/div>\n\t\t<\/section>\n\t\t\t\t<section class=\"elementor-section elementor-inner-section elementor-element elementor-element-10f03d1 elementor-section-boxed elementor-section-height-default elementor-section-height-default\" data-id=\"10f03d1\" data-element_type=\"section\">\n\t\t\t\t\t\t<div class=\"elementor-container elementor-column-gap-extended\">\n\t\t\t\t\t<div class=\"elementor-column elementor-col-100 elementor-inner-column elementor-element elementor-element-aaacd09\" data-id=\"aaacd09\" data-element_type=\"column\">\n\t\t\t<div class=\"elementor-widget-wrap elementor-element-populated\">\n\t\t\t\t\t\t<div class=\"elementor-element elementor-element-3d5f470 elementor-align-center elementor-widget__width-auto elementor-widget elementor-widget-button\" data-id=\"3d5f470\" data-element_type=\"widget\" data-widget_type=\"button.default\">\n\t\t\t\t<div class=\"elementor-widget-container\">\n\t\t\t\t\t\t\t<div class=\"elementor-button-wrapper\">\n\t\t\t\t\t<a class=\"elementor-button elementor-button-link elementor-size-sm\" href=\"https:\/\/www.6dtechnologies.com\/fr\/recognitions\/\">\n\t\t\t\t\t\t<span class=\"elementor-button-content-wrapper\">\n\t\t\t\t\t\t\t\t\t<span class=\"elementor-button-text\"> Case Studies<\/span>\n\t\t\t\t\t<\/span>\n\t\t\t\t\t<\/a>\n\t\t\t\t<\/div>\n\t\t\t\t\t\t<\/div>\n\t\t\t\t<\/div>\n\t\t\t\t<div class=\"elementor-element elementor-element-4c1b27b elementor-align-center elementor-widget__width-auto elementor-widget elementor-widget-button\" data-id=\"4c1b27b\" data-element_type=\"widget\" data-widget_type=\"button.default\">\n\t\t\t\t<div class=\"elementor-widget-container\">\n\t\t\t\t\t\t\t<div class=\"elementor-button-wrapper\">\n\t\t\t\t\t<a class=\"elementor-button elementor-button-link elementor-size-sm\" href=\"https:\/\/www.6dtechnologies.com\/fr\/clients-and-partners\/\">\n\t\t\t\t\t\t<span class=\"elementor-button-content-wrapper\">\n\t\t\t\t\t\t\t\t\t<span class=\"elementor-button-text\">Clients and Partners<\/span>\n\t\t\t\t\t<\/span>\n\t\t\t\t\t<\/a>\n\t\t\t\t<\/div>\n\t\t\t\t\t\t<\/div>\n\t\t\t\t<\/div>\n\t\t\t\t<div class=\"elementor-element elementor-element-3d64b29 elementor-align-center elementor-widget__width-auto elementor-widget elementor-widget-button\" data-id=\"3d64b29\" data-element_type=\"widget\" data-widget_type=\"button.default\">\n\t\t\t\t<div class=\"elementor-widget-container\">\n\t\t\t\t\t\t\t<div class=\"elementor-button-wrapper\">\n\t\t\t\t\t<a class=\"elementor-button elementor-button-link elementor-size-sm\" href=\"https:\/\/www.6dtechnologies.com\/fr\/recognitions\/\">\n\t\t\t\t\t\t<span class=\"elementor-button-content-wrapper\">\n\t\t\t\t\t\t\t\t\t<span class=\"elementor-button-text\">Recognitions<\/span>\n\t\t\t\t\t<\/span>\n\t\t\t\t\t<\/a>\n\t\t\t\t<\/div>\n\t\t\t\t\t\t<\/div>\n\t\t\t\t<\/div>\n\t\t\t\t\t<\/div>\n\t\t<\/div>\n\t\t\t\t\t<\/div>\n\t\t<\/section>\n\t\t\t\t\t<\/div>\n\t\t<\/div>\n\t\t\t\t\t<\/div>\n\t\t<\/section>\n\t\t\t\t<section class=\"elementor-section elementor-top-section elementor-element elementor-element-a10d309 elementor-section-content-top elementor-section-boxed elementor-section-height-default elementor-section-height-default\" data-id=\"a10d309\" data-element_type=\"section\">\n\t\t\t\t\t\t<div class=\"elementor-container elementor-column-gap-no\">\n\t\t\t\t\t<div class=\"elementor-column elementor-col-100 elementor-top-column elementor-element elementor-element-6b9f323\" data-id=\"6b9f323\" data-element_type=\"column\">\n\t\t\t<div class=\"elementor-widget-wrap elementor-element-populated\">\n\t\t\t\t\t\t<div class=\"elementor-element elementor-element-96eff0b elementor-grid-3 elementor-grid-tablet-2 elementor-grid-mobile-1 elementor-posts--thumbnail-top elementor-card-shadow-yes elementor-posts__hover-gradient elementor-widget elementor-widget-posts\" data-id=\"96eff0b\" data-element_type=\"widget\" data-settings=\"{&quot;cards_columns&quot;:&quot;3&quot;,&quot;cards_columns_tablet&quot;:&quot;2&quot;,&quot;cards_columns_mobile&quot;:&quot;1&quot;,&quot;cards_row_gap&quot;:{&quot;unit&quot;:&quot;px&quot;,&quot;size&quot;:35,&quot;sizes&quot;:[]},&quot;cards_row_gap_tablet&quot;:{&quot;unit&quot;:&quot;px&quot;,&quot;size&quot;:&quot;&quot;,&quot;sizes&quot;:[]},&quot;cards_row_gap_mobile&quot;:{&quot;unit&quot;:&quot;px&quot;,&quot;size&quot;:&quot;&quot;,&quot;sizes&quot;:[]}}\" data-widget_type=\"posts.cards\">\n\t\t\t\t<div class=\"elementor-widget-container\">\n\t\t\t\t\t<div class=\"elementor-posts-container elementor-posts elementor-posts--skin-cards elementor-grid\">\n\t\t\t\t<article class=\"elementor-post elementor-grid-item post-31784 case-studies type-case-studies status-publish has-post-thumbnail hentry\">\n\t\t\t<div class=\"elementor-post__card\">\n\t\t\t\t<a class=\"elementor-post__thumbnail__link\" href=\"https:\/\/www.6dtechnologies.com\/fr\/case-studies\/ventes-numeriques-distribution-telecommunications\/\" tabindex=\"-1\" ><div class=\"elementor-post__thumbnail\"><img decoding=\"async\" width=\"300\" height=\"63\" src=\"https:\/\/www.6dtechnologies.com\/fr\/wp-content\/uploads\/sites\/3\/2026\/04\/10jpg-1-300x63.jpg\" class=\"attachment-medium size-medium wp-image-31786\" alt=\"\" srcset=\"https:\/\/www.6dtechnologies.com\/fr\/wp-content\/uploads\/sites\/3\/2026\/04\/10jpg-1-300x63.jpg 300w, https:\/\/www.6dtechnologies.com\/fr\/wp-content\/uploads\/sites\/3\/2026\/04\/10jpg-1-1024x216.jpg 1024w, https:\/\/www.6dtechnologies.com\/fr\/wp-content\/uploads\/sites\/3\/2026\/04\/10jpg-1-768x162.jpg 768w, https:\/\/www.6dtechnologies.com\/fr\/wp-content\/uploads\/sites\/3\/2026\/04\/10jpg-1-1536x323.jpg 1536w, https:\/\/www.6dtechnologies.com\/fr\/wp-content\/uploads\/sites\/3\/2026\/04\/10jpg-1.jpg 1900w\" sizes=\"(max-width: 300px) 100vw, 300px\" \/><\/div><\/a>\n\t\t\t\t<div class=\"elementor-post__text\">\n\t\t\t\t<h3 class=\"elementor-post__title\">\n\t\t\t<a href=\"https:\/\/www.6dtechnologies.com\/fr\/case-studies\/ventes-numeriques-distribution-telecommunications\/\" >\n\t\t\t\tTransformer les ventes et la distribution des t\u00e9l\u00e9communications sur 14 march\u00e9s gr\u00e2ce \u00e0 une plateforme num\u00e9rique unifi\u00e9e\t\t\t<\/a>\n\t\t<\/h3>\n\t\t\t\t<div class=\"elementor-post__excerpt\">\n\t\t\t<p>Transformation des ventes et de la distribution sur 14 march\u00e9s africains Un groupe de t\u00e9l\u00e9communications leader, pr\u00e9sent sur 14 march\u00e9s<\/p>\n\t\t<\/div>\n\t\t\n\t\t<a class=\"elementor-post__read-more\" href=\"https:\/\/www.6dtechnologies.com\/fr\/case-studies\/ventes-numeriques-distribution-telecommunications\/\" aria-label=\"Read more about Transformer les ventes et la distribution des t\u00e9l\u00e9communications sur 14 march\u00e9s gr\u00e2ce \u00e0 une plateforme num\u00e9rique unifi\u00e9e\" tabindex=\"-1\" >\n\t\t\tRead More\t\t<\/a>\n\n\t\t\t\t<\/div>\n\t\t\t\t\t<\/div>\n\t\t<\/article>\n\t\t\t\t<article class=\"elementor-post elementor-grid-item post-31781 case-studies type-case-studies status-publish has-post-thumbnail hentry\">\n\t\t\t<div class=\"elementor-post__card\">\n\t\t\t\t<a class=\"elementor-post__thumbnail__link\" href=\"https:\/\/www.6dtechnologies.com\/fr\/case-studies\/modernisation-des-telecommunications-insulaires\/\" tabindex=\"-1\" ><div class=\"elementor-post__thumbnail\"><img decoding=\"async\" width=\"300\" height=\"63\" src=\"https:\/\/www.6dtechnologies.com\/fr\/wp-content\/uploads\/sites\/3\/2026\/04\/09-2-300x63.jpg\" class=\"attachment-medium size-medium wp-image-31783\" alt=\"\" srcset=\"https:\/\/www.6dtechnologies.com\/fr\/wp-content\/uploads\/sites\/3\/2026\/04\/09-2-300x63.jpg 300w, https:\/\/www.6dtechnologies.com\/fr\/wp-content\/uploads\/sites\/3\/2026\/04\/09-2-1024x216.jpg 1024w, https:\/\/www.6dtechnologies.com\/fr\/wp-content\/uploads\/sites\/3\/2026\/04\/09-2-768x162.jpg 768w, https:\/\/www.6dtechnologies.com\/fr\/wp-content\/uploads\/sites\/3\/2026\/04\/09-2-1536x323.jpg 1536w, https:\/\/www.6dtechnologies.com\/fr\/wp-content\/uploads\/sites\/3\/2026\/04\/09-2.jpg 1900w\" sizes=\"(max-width: 300px) 100vw, 300px\" \/><\/div><\/a>\n\t\t\t\t<div class=\"elementor-post__text\">\n\t\t\t\t<h3 class=\"elementor-post__title\">\n\t\t\t<a href=\"https:\/\/www.6dtechnologies.com\/fr\/case-studies\/modernisation-des-telecommunications-insulaires\/\" >\n\t\t\t\tModernisation des syst\u00e8mes informatiques et des \u00e9cosyst\u00e8mes num\u00e9riques pour les petits march\u00e9s insulaires\t\t\t<\/a>\n\t\t<\/h3>\n\t\t\t\t<div class=\"elementor-post__excerpt\">\n\t\t\t<p>D&#8217;une infrastructure informatique fragment\u00e9e \u00e0 une exp\u00e9rience num\u00e9rique fluide avec Canvas Digital BSS Un op\u00e9rateur t\u00e9l\u00e9com insulaire de premier plan<\/p>\n\t\t<\/div>\n\t\t\n\t\t<a class=\"elementor-post__read-more\" href=\"https:\/\/www.6dtechnologies.com\/fr\/case-studies\/modernisation-des-telecommunications-insulaires\/\" aria-label=\"Read more about Modernisation des syst\u00e8mes informatiques et des \u00e9cosyst\u00e8mes num\u00e9riques pour les petits march\u00e9s insulaires\" tabindex=\"-1\" >\n\t\t\tRead More\t\t<\/a>\n\n\t\t\t\t<\/div>\n\t\t\t\t\t<\/div>\n\t\t<\/article>\n\t\t\t\t<article class=\"elementor-post elementor-grid-item post-31778 case-studies type-case-studies status-publish has-post-thumbnail hentry\">\n\t\t\t<div class=\"elementor-post__card\">\n\t\t\t\t<a class=\"elementor-post__thumbnail__link\" href=\"https:\/\/www.6dtechnologies.com\/fr\/case-studies\/magie-ai-cvm-belize\/\" tabindex=\"-1\" ><div class=\"elementor-post__thumbnail\"><img decoding=\"async\" width=\"300\" height=\"63\" src=\"https:\/\/www.6dtechnologies.com\/fr\/wp-content\/uploads\/sites\/3\/2026\/04\/CVM-_Magik-300x63.jpg\" class=\"attachment-medium size-medium wp-image-31780\" alt=\"\" srcset=\"https:\/\/www.6dtechnologies.com\/fr\/wp-content\/uploads\/sites\/3\/2026\/04\/CVM-_Magik-300x63.jpg 300w, https:\/\/www.6dtechnologies.com\/fr\/wp-content\/uploads\/sites\/3\/2026\/04\/CVM-_Magik-1024x216.jpg 1024w, https:\/\/www.6dtechnologies.com\/fr\/wp-content\/uploads\/sites\/3\/2026\/04\/CVM-_Magik-768x162.jpg 768w, https:\/\/www.6dtechnologies.com\/fr\/wp-content\/uploads\/sites\/3\/2026\/04\/CVM-_Magik-1536x323.jpg 1536w, https:\/\/www.6dtechnologies.com\/fr\/wp-content\/uploads\/sites\/3\/2026\/04\/CVM-_Magik.jpg 1900w\" sizes=\"(max-width: 300px) 100vw, 300px\" \/><\/div><\/a>\n\t\t\t\t<div class=\"elementor-post__text\">\n\t\t\t\t<h3 class=\"elementor-post__title\">\n\t\t\t<a href=\"https:\/\/www.6dtechnologies.com\/fr\/case-studies\/magie-ai-cvm-belize\/\" >\n\t\t\t\tCroissance du CVM optimis\u00e9e par l&#8217;IA au Belize : un ARPU et des conversions plus \u00e9lev\u00e9s gr\u00e2ce \u00e0 Magik\t\t\t<\/a>\n\t\t<\/h3>\n\t\t\t\t<div class=\"elementor-post__excerpt\">\n\t\t\t<p>L&#8217;IA int\u00e9gr\u00e9e \u00e0 la gestion des conversions (CVM) am\u00e9liore le revenu moyen par utilisateur (ARPU) et les conversions au Belize.<\/p>\n\t\t<\/div>\n\t\t\n\t\t<a class=\"elementor-post__read-more\" href=\"https:\/\/www.6dtechnologies.com\/fr\/case-studies\/magie-ai-cvm-belize\/\" aria-label=\"Read more about Croissance du CVM optimis\u00e9e par l&#8217;IA au Belize : un ARPU et des conversions plus \u00e9lev\u00e9s gr\u00e2ce \u00e0 Magik\" tabindex=\"-1\" >\n\t\t\tRead More\t\t<\/a>\n\n\t\t\t\t<\/div>\n\t\t\t\t\t<\/div>\n\t\t<\/article>\n\t\t\t\t<article class=\"elementor-post elementor-grid-item post-31774 case-studies type-case-studies status-publish has-post-thumbnail hentry\">\n\t\t\t<div class=\"elementor-post__card\">\n\t\t\t\t<a class=\"elementor-post__thumbnail__link\" href=\"https:\/\/www.6dtechnologies.com\/fr\/case-studies\/gestion-de-la-valeur-client-basee-sur-lia\/\" tabindex=\"-1\" ><div class=\"elementor-post__thumbnail\"><img loading=\"lazy\" decoding=\"async\" width=\"300\" height=\"63\" src=\"https:\/\/www.6dtechnologies.com\/fr\/wp-content\/uploads\/sites\/3\/2026\/04\/Intelligent-AI-Powered-Customer-Value-Management-Successfully-Deployed-for-KSA-Telecom-Leader-2-300x63.jpg\" class=\"attachment-medium size-medium wp-image-31777\" alt=\"\" srcset=\"https:\/\/www.6dtechnologies.com\/fr\/wp-content\/uploads\/sites\/3\/2026\/04\/Intelligent-AI-Powered-Customer-Value-Management-Successfully-Deployed-for-KSA-Telecom-Leader-2-300x63.jpg 300w, https:\/\/www.6dtechnologies.com\/fr\/wp-content\/uploads\/sites\/3\/2026\/04\/Intelligent-AI-Powered-Customer-Value-Management-Successfully-Deployed-for-KSA-Telecom-Leader-2-1024x216.jpg 1024w, https:\/\/www.6dtechnologies.com\/fr\/wp-content\/uploads\/sites\/3\/2026\/04\/Intelligent-AI-Powered-Customer-Value-Management-Successfully-Deployed-for-KSA-Telecom-Leader-2-768x162.jpg 768w, https:\/\/www.6dtechnologies.com\/fr\/wp-content\/uploads\/sites\/3\/2026\/04\/Intelligent-AI-Powered-Customer-Value-Management-Successfully-Deployed-for-KSA-Telecom-Leader-2-1536x323.jpg 1536w, https:\/\/www.6dtechnologies.com\/fr\/wp-content\/uploads\/sites\/3\/2026\/04\/Intelligent-AI-Powered-Customer-Value-Management-Successfully-Deployed-for-KSA-Telecom-Leader-2.jpg 1900w\" sizes=\"(max-width: 300px) 100vw, 300px\" \/><\/div><\/a>\n\t\t\t\t<div class=\"elementor-post__text\">\n\t\t\t\t<h3 class=\"elementor-post__title\">\n\t\t\t<a href=\"https:\/\/www.6dtechnologies.com\/fr\/case-studies\/gestion-de-la-valeur-client-basee-sur-lia\/\" >\n\t\t\t\tGestion intelligente de la valeur client bas\u00e9e sur l&#8217;IA d\u00e9ploy\u00e9e avec succ\u00e8s pour un leader des t\u00e9l\u00e9communications en Arabie saoudite\t\t\t<\/a>\n\t\t<\/h3>\n\t\t\t\t<div class=\"elementor-post__excerpt\">\n\t\t\t<p>Gestion de la valeur client optimis\u00e9e par l&#8217;IA L&#8217;un des op\u00e9rateurs num\u00e9riques \u00e0 la croissance la plus rapide d&#8217;Arabie saoudite,<\/p>\n\t\t<\/div>\n\t\t\n\t\t<a class=\"elementor-post__read-more\" href=\"https:\/\/www.6dtechnologies.com\/fr\/case-studies\/gestion-de-la-valeur-client-basee-sur-lia\/\" aria-label=\"Read more about Gestion intelligente de la valeur client bas\u00e9e sur l&#8217;IA d\u00e9ploy\u00e9e avec succ\u00e8s pour un leader des t\u00e9l\u00e9communications en Arabie saoudite\" tabindex=\"-1\" >\n\t\t\tRead More\t\t<\/a>\n\n\t\t\t\t<\/div>\n\t\t\t\t\t<\/div>\n\t\t<\/article>\n\t\t\t\t<article class=\"elementor-post elementor-grid-item post-31770 case-studies type-case-studies status-publish has-post-thumbnail hentry\">\n\t\t\t<div class=\"elementor-post__card\">\n\t\t\t\t<a class=\"elementor-post__thumbnail__link\" href=\"https:\/\/www.6dtechnologies.com\/fr\/case-studies\/transformation-numerique-philippines\/\" tabindex=\"-1\" ><div class=\"elementor-post__thumbnail\"><img loading=\"lazy\" decoding=\"async\" width=\"300\" height=\"63\" src=\"https:\/\/www.6dtechnologies.com\/fr\/wp-content\/uploads\/sites\/3\/2026\/04\/Case-Study-300x63.png\" class=\"attachment-medium size-medium wp-image-31773\" alt=\"\" srcset=\"https:\/\/www.6dtechnologies.com\/fr\/wp-content\/uploads\/sites\/3\/2026\/04\/Case-Study-300x63.png 300w, https:\/\/www.6dtechnologies.com\/fr\/wp-content\/uploads\/sites\/3\/2026\/04\/Case-Study-1024x216.png 1024w, https:\/\/www.6dtechnologies.com\/fr\/wp-content\/uploads\/sites\/3\/2026\/04\/Case-Study-768x162.png 768w, https:\/\/www.6dtechnologies.com\/fr\/wp-content\/uploads\/sites\/3\/2026\/04\/Case-Study-1536x323.png 1536w, https:\/\/www.6dtechnologies.com\/fr\/wp-content\/uploads\/sites\/3\/2026\/04\/Case-Study.png 1900w\" sizes=\"(max-width: 300px) 100vw, 300px\" \/><\/div><\/a>\n\t\t\t\t<div class=\"elementor-post__text\">\n\t\t\t\t<h3 class=\"elementor-post__title\">\n\t\t\t<a href=\"https:\/\/www.6dtechnologies.com\/fr\/case-studies\/transformation-numerique-philippines\/\" >\n\t\t\t\tAcc\u00e9l\u00e9rer la transformation num\u00e9rique des ventes et de la distribution aux Philippines\t\t\t<\/a>\n\t\t<\/h3>\n\t\t\t\t<div class=\"elementor-post__excerpt\">\n\t\t\t<p>Transformation num\u00e9rique des ventes et de la distribution Un op\u00e9rateur t\u00e9l\u00e9coms de premier plan aux Philippines, desservant plus de 70<\/p>\n\t\t<\/div>\n\t\t\n\t\t<a class=\"elementor-post__read-more\" href=\"https:\/\/www.6dtechnologies.com\/fr\/case-studies\/transformation-numerique-philippines\/\" aria-label=\"Read more about Acc\u00e9l\u00e9rer la transformation num\u00e9rique des ventes et de la distribution aux Philippines\" tabindex=\"-1\" >\n\t\t\tRead More\t\t<\/a>\n\n\t\t\t\t<\/div>\n\t\t\t\t\t<\/div>\n\t\t<\/article>\n\t\t\t\t<article class=\"elementor-post elementor-grid-item post-31767 case-studies type-case-studies status-publish has-post-thumbnail hentry\">\n\t\t\t<div class=\"elementor-post__card\">\n\t\t\t\t<a class=\"elementor-post__thumbnail__link\" href=\"https:\/\/www.6dtechnologies.com\/fr\/case-studies\/services-iot-de-nouvelle-generation\/\" tabindex=\"-1\" ><div class=\"elementor-post__thumbnail\"><img loading=\"lazy\" decoding=\"async\" width=\"300\" height=\"63\" src=\"https:\/\/www.6dtechnologies.com\/fr\/wp-content\/uploads\/sites\/3\/2026\/04\/Case-Study_1-1-300x63.jpg\" class=\"attachment-medium size-medium wp-image-31769\" alt=\"\" srcset=\"https:\/\/www.6dtechnologies.com\/fr\/wp-content\/uploads\/sites\/3\/2026\/04\/Case-Study_1-1-300x63.jpg 300w, https:\/\/www.6dtechnologies.com\/fr\/wp-content\/uploads\/sites\/3\/2026\/04\/Case-Study_1-1-1024x216.jpg 1024w, https:\/\/www.6dtechnologies.com\/fr\/wp-content\/uploads\/sites\/3\/2026\/04\/Case-Study_1-1-768x162.jpg 768w, https:\/\/www.6dtechnologies.com\/fr\/wp-content\/uploads\/sites\/3\/2026\/04\/Case-Study_1-1-1536x323.jpg 1536w, https:\/\/www.6dtechnologies.com\/fr\/wp-content\/uploads\/sites\/3\/2026\/04\/Case-Study_1-1.jpg 1900w\" sizes=\"(max-width: 300px) 100vw, 300px\" \/><\/div><\/a>\n\t\t\t\t<div class=\"elementor-post__text\">\n\t\t\t\t<h3 class=\"elementor-post__title\">\n\t\t\t<a href=\"https:\/\/www.6dtechnologies.com\/fr\/case-studies\/services-iot-de-nouvelle-generation\/\" >\n\t\t\t\tActivation des services IoT de nouvelle g\u00e9n\u00e9ration gr\u00e2ce \u00e0 la plateforme de gestion de la connectivit\u00e9 Infinity (CMP) de 6D\t\t\t<\/a>\n\t\t<\/h3>\n\t\t\t\t<div class=\"elementor-post__excerpt\">\n\t\t\t<p>Services IoT de nouvelle g\u00e9n\u00e9ration Un op\u00e9rateur t\u00e9l\u00e9com de premier plan \u00e0 Singapour a d\u00e9ploy\u00e9 avec succ\u00e8s la plateforme de<\/p>\n\t\t<\/div>\n\t\t\n\t\t<a class=\"elementor-post__read-more\" href=\"https:\/\/www.6dtechnologies.com\/fr\/case-studies\/services-iot-de-nouvelle-generation\/\" aria-label=\"Read more about Activation des services IoT de nouvelle g\u00e9n\u00e9ration gr\u00e2ce \u00e0 la plateforme de gestion de la connectivit\u00e9 Infinity (CMP) de 6D\" tabindex=\"-1\" >\n\t\t\tRead More\t\t<\/a>\n\n\t\t\t\t<\/div>\n\t\t\t\t\t<\/div>\n\t\t<\/article>\n\t\t\t\t<\/div>\n\t\t\n\t\t\t\t<div class=\"e-load-more-anchor\" data-page=\"1\" data-max-page=\"5\" data-next-page=\"https:\/\/www.6dtechnologies.com\/fr\/wp-json\/wp\/v2\/pages\/19210\/page\/2\/\"><\/div>\n\t\t\t\t<nav class=\"elementor-pagination\" aria-label=\"Pagination\">\n\t\t\t<span aria-current=\"page\" class=\"page-numbers current\"><span class=\"elementor-screen-only\">Page<\/span>1<\/span>\n<a class=\"page-numbers\" href=\"https:\/\/www.6dtechnologies.com\/fr\/wp-json\/wp\/v2\/pages\/19210\/page\/2\/\"><span class=\"elementor-screen-only\">Page<\/span>2<\/a>\n<a class=\"page-numbers\" href=\"https:\/\/www.6dtechnologies.com\/fr\/wp-json\/wp\/v2\/pages\/19210\/page\/3\/\"><span class=\"elementor-screen-only\">Page<\/span>3<\/a>\n<span class=\"page-numbers dots\">&hellip;<\/span>\n<a class=\"page-numbers\" href=\"https:\/\/www.6dtechnologies.com\/fr\/wp-json\/wp\/v2\/pages\/19210\/page\/5\/\"><span class=\"elementor-screen-only\">Page<\/span>5<\/a>\t\t<\/nav>\n\t\t\t\t<\/div>\n\t\t\t\t<\/div>\n\t\t\t\t\t<\/div>\n\t\t<\/div>\n\t\t\t\t\t<\/div>\n\t\t<\/section>\n\t\t\t\t<\/div>\n\t\t","protected":false},"excerpt":{"rendered":"<p>Case Studies Case Studies Clients and Partners Recognitions<\/p>\n","protected":false},"author":1,"featured_media":0,"parent":0,"menu_order":0,"comment_status":"closed","ping_status":"closed","template":"elementor_header_footer","meta":{"_acf_changed":false,"content-type":"","footnotes":""},"class_list":["post-19210","page","type-page","status-publish","hentry"],"acf":[],"_links":{"self":[{"href":"https:\/\/www.6dtechnologies.com\/fr\/wp-json\/wp\/v2\/pages\/19210","targetHints":{"allow":["GET"]}}],"collection":[{"href":"https:\/\/www.6dtechnologies.com\/fr\/wp-json\/wp\/v2\/pages"}],"about":[{"href":"https:\/\/www.6dtechnologies.com\/fr\/wp-json\/wp\/v2\/types\/page"}],"author":[{"embeddable":true,"href":"https:\/\/www.6dtechnologies.com\/fr\/wp-json\/wp\/v2\/users\/1"}],"replies":[{"embeddable":true,"href":"https:\/\/www.6dtechnologies.com\/fr\/wp-json\/wp\/v2\/comments?post=19210"}],"version-history":[{"count":0,"href":"https:\/\/www.6dtechnologies.com\/fr\/wp-json\/wp\/v2\/pages\/19210\/revisions"}],"wp:attachment":[{"href":"https:\/\/www.6dtechnologies.com\/fr\/wp-json\/wp\/v2\/media?parent=19210"}],"curies":[{"name":"wp","href":"https:\/\/api.w.org\/{rel}","templated":true}]}}