{"id":19352,"date":"2023-10-10T05:38:34","date_gmt":"2023-10-10T05:38:34","guid":{"rendered":"https:\/\/www.6dtechnologies.com\/fr\/?page_id=19352"},"modified":"2025-10-29T05:39:39","modified_gmt":"2025-10-29T05:39:39","slug":"comunicado-de-prensa","status":"publish","type":"page","link":"https:\/\/www.6dtechnologies.com\/fr\/communique-de-presse\/","title":{"rendered":"Press Release"},"content":{"rendered":"\t\t<div data-elementor-type=\"wp-page\" data-elementor-id=\"19352\" class=\"elementor elementor-19352\" data-elementor-post-type=\"page\">\n\t\t\t\t\t\t<section class=\"elementor-section elementor-top-section elementor-element elementor-element-345864a elementor-section-boxed elementor-section-height-default elementor-section-height-default\" data-id=\"345864a\" data-element_type=\"section\" data-settings=\"{&quot;background_background&quot;:&quot;classic&quot;}\">\n\t\t\t\t\t\t\t<div class=\"elementor-background-overlay\"><\/div>\n\t\t\t\t\t\t\t<div class=\"elementor-container elementor-column-gap-default\">\n\t\t\t\t\t<div class=\"elementor-column elementor-col-100 elementor-top-column elementor-element elementor-element-4f397a7\" data-id=\"4f397a7\" data-element_type=\"column\">\n\t\t\t<div class=\"elementor-widget-wrap elementor-element-populated\">\n\t\t\t\t\t\t<div class=\"elementor-element elementor-element-d0e7a75 elementor-widget elementor-widget-heading\" data-id=\"d0e7a75\" data-element_type=\"widget\" data-widget_type=\"heading.default\">\n\t\t\t\t<div class=\"elementor-widget-container\">\n\t\t\t<h1 class=\"elementor-heading-title elementor-size-default\">Communiqu\u00e9 de presse<\/h1>\t\t<\/div>\n\t\t\t\t<\/div>\n\t\t\t\t<div class=\"elementor-element elementor-element-66bbc3f elementor-widget__width-initial elementor-search-form--skin-classic elementor-search-form--button-type-icon elementor-search-form--icon-search elementor-widget elementor-widget-search-form\" data-id=\"66bbc3f\" data-element_type=\"widget\" data-settings=\"{&quot;skin&quot;:&quot;classic&quot;}\" data-widget_type=\"search-form.default\">\n\t\t\t\t<div class=\"elementor-widget-container\">\n\t\t\t\t\t<search role=\"search\">\n\t\t\t<form class=\"elementor-search-form\" action=\"https:\/\/www.6dtechnologies.com\/fr\" method=\"get\">\n\t\t\t\t\t\t\t\t\t\t\t\t<div class=\"elementor-search-form__container\">\n\t\t\t\t\t<label class=\"elementor-screen-only\" for=\"elementor-search-form-66bbc3f\">Search<\/label>\n\n\t\t\t\t\t\n\t\t\t\t\t<input id=\"elementor-search-form-66bbc3f\" placeholder=\"Search...\" class=\"elementor-search-form__input\" type=\"search\" name=\"s\" value=\"\">\n\t\t\t\t\t\n\t\t\t\t\t\t\t\t\t\t\t<button class=\"elementor-search-form__submit\" type=\"submit\" aria-label=\"Search\">\n\t\t\t\t\t\t\t\t\t\t\t\t\t\t\t<i aria-hidden=\"true\" class=\"fas fa-search\"><\/i>\t\t\t\t\t\t\t\t<span class=\"elementor-screen-only\">Search<\/span>\n\t\t\t\t\t\t\t\t\t\t\t\t\t<\/button>\n\t\t\t\t\t\n\t\t\t\t\t\t\t\t\t<\/div>\n\t\t\t<\/form>\n\t\t<\/search>\n\t\t\t\t<\/div>\n\t\t\t\t<\/div>\n\t\t\t\t\t<\/div>\n\t\t<\/div>\n\t\t\t\t\t<\/div>\n\t\t<\/section>\n\t\t\t\t<section class=\"elementor-section elementor-top-section elementor-element elementor-element-191f39c elementor-section-full_width elementor-section-height-default elementor-section-height-default\" data-id=\"191f39c\" data-element_type=\"section\" data-settings=\"{&quot;background_background&quot;:&quot;classic&quot;}\">\n\t\t\t\t\t\t<div class=\"elementor-container elementor-column-gap-default\">\n\t\t\t\t\t<div class=\"elementor-column elementor-col-100 elementor-top-column elementor-element elementor-element-88d3ac1\" data-id=\"88d3ac1\" data-element_type=\"column\">\n\t\t\t<div class=\"elementor-widget-wrap elementor-element-populated\">\n\t\t\t\t\t\t<section class=\"elementor-section elementor-inner-section elementor-element elementor-element-c590fea elementor-section-boxed elementor-section-height-default elementor-section-height-default\" data-id=\"c590fea\" data-element_type=\"section\">\n\t\t\t\t\t\t<div class=\"elementor-container elementor-column-gap-extended\">\n\t\t\t\t\t<div class=\"elementor-column elementor-col-100 elementor-inner-column elementor-element elementor-element-911f61b\" data-id=\"911f61b\" data-element_type=\"column\">\n\t\t\t<div class=\"elementor-widget-wrap elementor-element-populated\">\n\t\t\t\t\t\t<div class=\"elementor-element elementor-element-9512b38 elementor-widget elementor-widget-shortcode\" data-id=\"9512b38\" data-element_type=\"widget\" data-widget_type=\"shortcode.default\">\n\t\t\t\t<div class=\"elementor-widget-container\">\n\t\t\t\t\t<div class=\"elementor-shortcode\"><nav aria-label=\"breadcrumbs\" class=\"rank-math-breadcrumb\"><p><span class=\"last\">Home<\/span><\/p><\/nav><\/div>\n\t\t\t\t<\/div>\n\t\t\t\t<\/div>\n\t\t\t\t\t<\/div>\n\t\t<\/div>\n\t\t\t\t\t<\/div>\n\t\t<\/section>\n\t\t\t\t<section class=\"elementor-section elementor-inner-section elementor-element elementor-element-85ca930 elementor-section-boxed elementor-section-height-default elementor-section-height-default\" data-id=\"85ca930\" data-element_type=\"section\">\n\t\t\t\t\t\t<div class=\"elementor-container elementor-column-gap-extended\">\n\t\t\t\t\t<div class=\"elementor-column elementor-col-100 elementor-inner-column elementor-element elementor-element-09c34c3\" data-id=\"09c34c3\" data-element_type=\"column\">\n\t\t\t<div class=\"elementor-widget-wrap elementor-element-populated\">\n\t\t\t\t\t\t<div class=\"elementor-element elementor-element-c60a5a9 elementor-align-center elementor-widget__width-auto elementor-widget elementor-widget-button\" data-id=\"c60a5a9\" data-element_type=\"widget\" data-widget_type=\"button.default\">\n\t\t\t\t<div class=\"elementor-widget-container\">\n\t\t\t\t\t\t\t<div class=\"elementor-button-wrapper\">\n\t\t\t\t\t<a class=\"elementor-button elementor-button-link elementor-size-sm\" href=\"https:\/\/www.6dtechnologies.com\/fr\/blogs\">\n\t\t\t\t\t\t<span class=\"elementor-button-content-wrapper\">\n\t\t\t\t\t\t\t\t\t<span class=\"elementor-button-text\">Blogs<\/span>\n\t\t\t\t\t<\/span>\n\t\t\t\t\t<\/a>\n\t\t\t\t<\/div>\n\t\t\t\t\t\t<\/div>\n\t\t\t\t<\/div>\n\t\t\t\t<div class=\"elementor-element elementor-element-101301b elementor-align-center elementor-widget__width-auto elementor-widget elementor-widget-button\" data-id=\"101301b\" data-element_type=\"widget\" data-widget_type=\"button.default\">\n\t\t\t\t<div class=\"elementor-widget-container\">\n\t\t\t\t\t\t\t<div class=\"elementor-button-wrapper\">\n\t\t\t\t\t<a class=\"elementor-button elementor-button-link elementor-size-sm\" href=\"https:\/\/www.6dtechnologies.com\/fr\/videos\/\">\n\t\t\t\t\t\t<span class=\"elementor-button-content-wrapper\">\n\t\t\t\t\t\t\t\t\t<span class=\"elementor-button-text\">Vid\u00e9os<\/span>\n\t\t\t\t\t<\/span>\n\t\t\t\t\t<\/a>\n\t\t\t\t<\/div>\n\t\t\t\t\t\t<\/div>\n\t\t\t\t<\/div>\n\t\t\t\t<div class=\"elementor-element elementor-element-928f786 elementor-align-center elementor-widget__width-auto elementor-widget elementor-widget-button\" data-id=\"928f786\" data-element_type=\"widget\" data-widget_type=\"button.default\">\n\t\t\t\t<div class=\"elementor-widget-container\">\n\t\t\t\t\t\t\t<div class=\"elementor-button-wrapper\">\n\t\t\t\t\t<a class=\"elementor-button elementor-button-link elementor-size-sm\" href=\"https:\/\/www.6dtechnologies.com\/fr\/evenements\/\">\n\t\t\t\t\t\t<span class=\"elementor-button-content-wrapper\">\n\t\t\t\t\t\t\t\t\t<span class=\"elementor-button-text\">\u00c9v\u00e9nements<\/span>\n\t\t\t\t\t<\/span>\n\t\t\t\t\t<\/a>\n\t\t\t\t<\/div>\n\t\t\t\t\t\t<\/div>\n\t\t\t\t<\/div>\n\t\t\t\t<div class=\"elementor-element elementor-element-ec3569e elementor-align-center elementor-widget__width-auto elementor-widget elementor-widget-button\" data-id=\"ec3569e\" data-element_type=\"widget\" data-widget_type=\"button.default\">\n\t\t\t\t<div class=\"elementor-widget-container\">\n\t\t\t\t\t\t\t<div class=\"elementor-button-wrapper\">\n\t\t\t\t\t<a class=\"elementor-button elementor-button-link elementor-size-sm\" href=\"https:\/\/www.6dtechnologies.com\/fr\/press-release\/\">\n\t\t\t\t\t\t<span class=\"elementor-button-content-wrapper\">\n\t\t\t\t\t\t\t\t\t<span class=\"elementor-button-text\">Communiqu\u00e9 de presse<\/span>\n\t\t\t\t\t<\/span>\n\t\t\t\t\t<\/a>\n\t\t\t\t<\/div>\n\t\t\t\t\t\t<\/div>\n\t\t\t\t<\/div>\n\t\t\t\t\t<\/div>\n\t\t<\/div>\n\t\t\t\t\t<\/div>\n\t\t<\/section>\n\t\t\t\t\t<\/div>\n\t\t<\/div>\n\t\t\t\t\t<\/div>\n\t\t<\/section>\n\t\t\t\t<section class=\"elementor-section elementor-top-section elementor-element elementor-element-06f8d1f elementor-section-content-top elementor-section-boxed elementor-section-height-default elementor-section-height-default\" data-id=\"06f8d1f\" data-element_type=\"section\">\n\t\t\t\t\t\t<div class=\"elementor-container elementor-column-gap-no\">\n\t\t\t\t\t<div class=\"elementor-column elementor-col-100 elementor-top-column elementor-element elementor-element-5373e48\" data-id=\"5373e48\" data-element_type=\"column\">\n\t\t\t<div class=\"elementor-widget-wrap elementor-element-populated\">\n\t\t\t\t\t\t<div class=\"elementor-element elementor-element-2abeffe elementor-grid-3 elementor-grid-tablet-2 elementor-grid-mobile-1 elementor-posts--thumbnail-top elementor-card-shadow-yes elementor-posts__hover-gradient elementor-widget elementor-widget-posts\" data-id=\"2abeffe\" data-element_type=\"widget\" data-settings=\"{&quot;cards_columns&quot;:&quot;3&quot;,&quot;cards_columns_tablet&quot;:&quot;2&quot;,&quot;cards_columns_mobile&quot;:&quot;1&quot;,&quot;cards_row_gap&quot;:{&quot;unit&quot;:&quot;px&quot;,&quot;size&quot;:35,&quot;sizes&quot;:[]},&quot;cards_row_gap_tablet&quot;:{&quot;unit&quot;:&quot;px&quot;,&quot;size&quot;:&quot;&quot;,&quot;sizes&quot;:[]},&quot;cards_row_gap_mobile&quot;:{&quot;unit&quot;:&quot;px&quot;,&quot;size&quot;:&quot;&quot;,&quot;sizes&quot;:[]}}\" data-widget_type=\"posts.cards\">\n\t\t\t\t<div class=\"elementor-widget-container\">\n\t\t\t\t\t<div class=\"elementor-posts-container elementor-posts elementor-posts--skin-cards elementor-grid\">\n\t\t\t\t<article class=\"elementor-post elementor-grid-item post-31701 press-release-pt type-press-release-pt status-publish has-post-thumbnail hentry\">\n\t\t\t<div class=\"elementor-post__card\">\n\t\t\t\t<a class=\"elementor-post__thumbnail__link\" href=\"https:\/\/www.6dtechnologies.com\/fr\/press-release-pt\/6d-technologies-au-mwc-2026\/\" tabindex=\"-1\"><div class=\"elementor-post__thumbnail\"><img fetchpriority=\"high\" decoding=\"async\" width=\"1920\" height=\"1080\" src=\"https:\/\/www.6dtechnologies.com\/fr\/wp-content\/uploads\/sites\/3\/2026\/01\/PR_MWC_2026_FR.jpg\" class=\"attachment-full size-full wp-image-31702\" alt=\"\" srcset=\"https:\/\/www.6dtechnologies.com\/fr\/wp-content\/uploads\/sites\/3\/2026\/01\/PR_MWC_2026_FR.jpg 1920w, https:\/\/www.6dtechnologies.com\/fr\/wp-content\/uploads\/sites\/3\/2026\/01\/PR_MWC_2026_FR-300x169.jpg 300w, https:\/\/www.6dtechnologies.com\/fr\/wp-content\/uploads\/sites\/3\/2026\/01\/PR_MWC_2026_FR-1024x576.jpg 1024w, https:\/\/www.6dtechnologies.com\/fr\/wp-content\/uploads\/sites\/3\/2026\/01\/PR_MWC_2026_FR-768x432.jpg 768w, https:\/\/www.6dtechnologies.com\/fr\/wp-content\/uploads\/sites\/3\/2026\/01\/PR_MWC_2026_FR-1536x864.jpg 1536w\" sizes=\"(max-width: 1920px) 100vw, 1920px\" \/><\/div><\/a>\n\t\t\t\t<div class=\"elementor-post__text\">\n\t\t\t\t<h3 class=\"elementor-post__title\">\n\t\t\t<a href=\"https:\/\/www.6dtechnologies.com\/fr\/press-release-pt\/6d-technologies-au-mwc-2026\/\">\n\t\t\t\t6D Technologies au MWC 2026\t\t\t<\/a>\n\t\t<\/h3>\n\t\t\t\t<div class=\"elementor-post__excerpt\">\n\t\t\t<p>Fa\u00e7onner les t\u00e9l\u00e9coms intelligentes de demain Barcelone s&#8217;appr\u00eate \u00e0 vibrer \u00e0 nouveau au rythme de l&#8217;innovation mondiale dans le secteur<\/p>\n\t\t<\/div>\n\t\t\n\t\t<a class=\"elementor-post__read-more\" href=\"https:\/\/www.6dtechnologies.com\/fr\/press-release-pt\/6d-technologies-au-mwc-2026\/\" aria-label=\"Read more about 6D Technologies au MWC 2026\" tabindex=\"-1\">\n\t\t\tRead More\t\t<\/a>\n\n\t\t\t\t<\/div>\n\t\t\t\t\t<\/div>\n\t\t<\/article>\n\t\t\t\t<article class=\"elementor-post elementor-grid-item post-31619 press-release-pt type-press-release-pt status-publish has-post-thumbnail hentry\">\n\t\t\t<div class=\"elementor-post__card\">\n\t\t\t\t<a class=\"elementor-post__thumbnail__link\" href=\"https:\/\/www.6dtechnologies.com\/fr\/press-release\/la-vision-de-6d-technologies-brille-au-imc-2025\/\" tabindex=\"-1\"><div class=\"elementor-post__thumbnail\"><img decoding=\"async\" width=\"1920\" height=\"1080\" src=\"https:\/\/www.6dtechnologies.com\/fr\/wp-content\/uploads\/sites\/3\/2025\/10\/PR_image_IMC_2025_Fr.jpg\" class=\"attachment-full size-full wp-image-31620\" alt=\"Top 2025: Solutions Telecom Pilotees par l IA\" srcset=\"https:\/\/www.6dtechnologies.com\/fr\/wp-content\/uploads\/sites\/3\/2025\/10\/PR_image_IMC_2025_Fr.jpg 1920w, https:\/\/www.6dtechnologies.com\/fr\/wp-content\/uploads\/sites\/3\/2025\/10\/PR_image_IMC_2025_Fr-300x169.jpg 300w, https:\/\/www.6dtechnologies.com\/fr\/wp-content\/uploads\/sites\/3\/2025\/10\/PR_image_IMC_2025_Fr-1024x576.jpg 1024w, https:\/\/www.6dtechnologies.com\/fr\/wp-content\/uploads\/sites\/3\/2025\/10\/PR_image_IMC_2025_Fr-768x432.jpg 768w, https:\/\/www.6dtechnologies.com\/fr\/wp-content\/uploads\/sites\/3\/2025\/10\/PR_image_IMC_2025_Fr-1536x864.jpg 1536w\" sizes=\"(max-width: 1920px) 100vw, 1920px\" \/><\/div><\/a>\n\t\t\t\t<div class=\"elementor-post__text\">\n\t\t\t\t<h3 class=\"elementor-post__title\">\n\t\t\t<a href=\"https:\/\/www.6dtechnologies.com\/fr\/press-release\/la-vision-de-6d-technologies-brille-au-imc-2025\/\">\n\t\t\t\tLa vision de 6D Technologies brille au IMC 2025\t\t\t<\/a>\n\t\t<\/h3>\n\t\t\t\t<div class=\"elementor-post__excerpt\">\n\t\t\t<p>En pr\u00e9sentant des solutions pilot\u00e9es par l\u2019IA, 6D Technologies a inspir\u00e9 l\u2019innovation et la collaboration dans le secteur des t\u00e9l\u00e9communications<\/p>\n\t\t<\/div>\n\t\t\n\t\t<a class=\"elementor-post__read-more\" href=\"https:\/\/www.6dtechnologies.com\/fr\/press-release\/la-vision-de-6d-technologies-brille-au-imc-2025\/\" aria-label=\"Read more about La vision de 6D Technologies brille au IMC 2025\" tabindex=\"-1\">\n\t\t\tRead More\t\t<\/a>\n\n\t\t\t\t<\/div>\n\t\t\t\t\t<\/div>\n\t\t<\/article>\n\t\t\t\t<article class=\"elementor-post elementor-grid-item post-31622 press-release-pt type-press-release-pt status-publish has-post-thumbnail hentry\">\n\t\t\t<div class=\"elementor-post__card\">\n\t\t\t\t<a class=\"elementor-post__thumbnail__link\" href=\"https:\/\/www.6dtechnologies.com\/fr\/press-release-pt\/6d-technologies-recoit-le-prix-imc-2025-du-logiciel-de-telecommunication-le-plus-innovant\/\" tabindex=\"-1\"><div class=\"elementor-post__thumbnail\"><img decoding=\"async\" width=\"2560\" height=\"1423\" src=\"https:\/\/www.6dtechnologies.com\/fr\/wp-content\/uploads\/sites\/3\/2025\/10\/Award_PR_image_IMC_2025_FR-scaled.jpg\" class=\"attachment-full size-full wp-image-31623\" alt=\"Top 2025: Logiciel Telecom le Plus Innovant\" srcset=\"https:\/\/www.6dtechnologies.com\/fr\/wp-content\/uploads\/sites\/3\/2025\/10\/Award_PR_image_IMC_2025_FR-scaled.jpg 2560w, https:\/\/www.6dtechnologies.com\/fr\/wp-content\/uploads\/sites\/3\/2025\/10\/Award_PR_image_IMC_2025_FR-300x167.jpg 300w, https:\/\/www.6dtechnologies.com\/fr\/wp-content\/uploads\/sites\/3\/2025\/10\/Award_PR_image_IMC_2025_FR-1024x569.jpg 1024w, https:\/\/www.6dtechnologies.com\/fr\/wp-content\/uploads\/sites\/3\/2025\/10\/Award_PR_image_IMC_2025_FR-768x427.jpg 768w, https:\/\/www.6dtechnologies.com\/fr\/wp-content\/uploads\/sites\/3\/2025\/10\/Award_PR_image_IMC_2025_FR-1536x854.jpg 1536w, https:\/\/www.6dtechnologies.com\/fr\/wp-content\/uploads\/sites\/3\/2025\/10\/Award_PR_image_IMC_2025_FR-2048x1138.jpg 2048w\" sizes=\"(max-width: 2560px) 100vw, 2560px\" \/><\/div><\/a>\n\t\t\t\t<div class=\"elementor-post__text\">\n\t\t\t\t<h3 class=\"elementor-post__title\">\n\t\t\t<a href=\"https:\/\/www.6dtechnologies.com\/fr\/press-release-pt\/6d-technologies-recoit-le-prix-imc-2025-du-logiciel-de-telecommunication-le-plus-innovant\/\">\n\t\t\t\t6D Technologies re\u00e7oit le prix IMC 2025 du \u201cLogiciel de T\u00e9l\u00e9communication le Plus Innovant\u201d\t\t\t<\/a>\n\t\t<\/h3>\n\t\t\t\t<div class=\"elementor-post__excerpt\">\n\t\t\t<p>D\u00e9montrant une vision avant-gardiste, une excellence technique et un impact op\u00e9rationnel dans l\u2019industrie des t\u00e9l\u00e9communications Delhi, le 10 octobre 2025<\/p>\n\t\t<\/div>\n\t\t\n\t\t<a class=\"elementor-post__read-more\" href=\"https:\/\/www.6dtechnologies.com\/fr\/press-release-pt\/6d-technologies-recoit-le-prix-imc-2025-du-logiciel-de-telecommunication-le-plus-innovant\/\" aria-label=\"Read more about 6D Technologies re\u00e7oit le prix IMC 2025 du \u201cLogiciel de T\u00e9l\u00e9communication le Plus Innovant\u201d\" tabindex=\"-1\">\n\t\t\tRead More\t\t<\/a>\n\n\t\t\t\t<\/div>\n\t\t\t\t\t<\/div>\n\t\t<\/article>\n\t\t\t\t<article class=\"elementor-post elementor-grid-item post-31594 press-release-pt type-press-release-pt status-publish has-post-thumbnail hentry\">\n\t\t\t<div class=\"elementor-post__card\">\n\t\t\t\t<a class=\"elementor-post__thumbnail__link\" href=\"https:\/\/www.6dtechnologies.com\/fr\/blog\/press-release-pt\/dtw-tm-forum-innovate-asia-2025\/\" tabindex=\"-1\"><div class=\"elementor-post__thumbnail\"><img loading=\"lazy\" decoding=\"async\" width=\"1568\" height=\"784\" src=\"https:\/\/www.6dtechnologies.com\/fr\/wp-content\/uploads\/sites\/3\/2025\/10\/DTW-2025-FR.png\" class=\"attachment-full size-full wp-image-31596\" alt=\"DTW TM Forum Innovate Asia 2025\" srcset=\"https:\/\/www.6dtechnologies.com\/fr\/wp-content\/uploads\/sites\/3\/2025\/10\/DTW-2025-FR.png 1568w, https:\/\/www.6dtechnologies.com\/fr\/wp-content\/uploads\/sites\/3\/2025\/10\/DTW-2025-FR-300x150.png 300w, https:\/\/www.6dtechnologies.com\/fr\/wp-content\/uploads\/sites\/3\/2025\/10\/DTW-2025-FR-1024x512.png 1024w, https:\/\/www.6dtechnologies.com\/fr\/wp-content\/uploads\/sites\/3\/2025\/10\/DTW-2025-FR-768x384.png 768w, https:\/\/www.6dtechnologies.com\/fr\/wp-content\/uploads\/sites\/3\/2025\/10\/DTW-2025-FR-1536x768.png 1536w\" sizes=\"(max-width: 1568px) 100vw, 1568px\" \/><\/div><\/a>\n\t\t\t\t<div class=\"elementor-post__text\">\n\t\t\t\t<h3 class=\"elementor-post__title\">\n\t\t\t<a href=\"https:\/\/www.6dtechnologies.com\/fr\/blog\/press-release-pt\/dtw-tm-forum-innovate-asia-2025\/\">\n\t\t\t\t6D Technologies pr\u00e9sentera des innovations pr\u00eates pour l\u2019avenir au TM Forum Innovate Asia 2025\t\t\t<\/a>\n\t\t<\/h3>\n\t\t\t\t<div class=\"elementor-post__excerpt\">\n\t\t\t<p>Bengaluru, Inde \u2014 [Date] \u2014 6D Technologies, leader mondial de la transformation num\u00e9rique pour les op\u00e9rateurs t\u00e9l\u00e9coms, les entreprises et<\/p>\n\t\t<\/div>\n\t\t\n\t\t<a class=\"elementor-post__read-more\" href=\"https:\/\/www.6dtechnologies.com\/fr\/blog\/press-release-pt\/dtw-tm-forum-innovate-asia-2025\/\" aria-label=\"Read more about 6D Technologies pr\u00e9sentera des innovations pr\u00eates pour l\u2019avenir au TM Forum Innovate Asia 2025\" tabindex=\"-1\">\n\t\t\tRead More\t\t<\/a>\n\n\t\t\t\t<\/div>\n\t\t\t\t\t<\/div>\n\t\t<\/article>\n\t\t\t\t<article class=\"elementor-post elementor-grid-item post-31565 press-release-pt type-press-release-pt status-publish has-post-thumbnail hentry\">\n\t\t\t<div class=\"elementor-post__card\">\n\t\t\t\t<a class=\"elementor-post__thumbnail__link\" href=\"https:\/\/www.6dtechnologies.com\/fr\/press-release-pt\/imc25\/\" tabindex=\"-1\"><div class=\"elementor-post__thumbnail\"><img loading=\"lazy\" decoding=\"async\" width=\"1980\" height=\"1100\" src=\"https:\/\/www.6dtechnologies.com\/fr\/wp-content\/uploads\/sites\/3\/2025\/09\/IMC25-En-Banner.png\" class=\"attachment-full size-full wp-image-31566\" alt=\"IMC25 En Banner\" srcset=\"https:\/\/www.6dtechnologies.com\/fr\/wp-content\/uploads\/sites\/3\/2025\/09\/IMC25-En-Banner.png 1980w, https:\/\/www.6dtechnologies.com\/fr\/wp-content\/uploads\/sites\/3\/2025\/09\/IMC25-En-Banner-300x167.png 300w, https:\/\/www.6dtechnologies.com\/fr\/wp-content\/uploads\/sites\/3\/2025\/09\/IMC25-En-Banner-1024x569.png 1024w, https:\/\/www.6dtechnologies.com\/fr\/wp-content\/uploads\/sites\/3\/2025\/09\/IMC25-En-Banner-768x427.png 768w, https:\/\/www.6dtechnologies.com\/fr\/wp-content\/uploads\/sites\/3\/2025\/09\/IMC25-En-Banner-1536x853.png 1536w\" sizes=\"(max-width: 1980px) 100vw, 1980px\" \/><\/div><\/a>\n\t\t\t\t<div class=\"elementor-post__text\">\n\t\t\t\t<h3 class=\"elementor-post__title\">\n\t\t\t<a href=\"https:\/\/www.6dtechnologies.com\/fr\/press-release-pt\/imc25\/\">\n\t\t\t\tIMC25 : 6D Technologies pr\u00e9sente l\u2019innovation IA de nouvelle g\u00e9n\u00e9ration en tant que partenaire d\u2019innovation\t\t\t<\/a>\n\t\t<\/h3>\n\t\t\t\t<div class=\"elementor-post__excerpt\">\n\t\t\t<p>6D Technologies est fi\u00e8re d\u2019annoncer sa participation en tant que Partenaire d\u2019Innovation en IA \u00e0 l\u2019India Mobile Congress (IMC25) 2025,<\/p>\n\t\t<\/div>\n\t\t\n\t\t<a class=\"elementor-post__read-more\" href=\"https:\/\/www.6dtechnologies.com\/fr\/press-release-pt\/imc25\/\" aria-label=\"Read more about IMC25 : 6D Technologies pr\u00e9sente l\u2019innovation IA de nouvelle g\u00e9n\u00e9ration en tant que partenaire d\u2019innovation\" tabindex=\"-1\">\n\t\t\tRead More\t\t<\/a>\n\n\t\t\t\t<\/div>\n\t\t\t\t\t<\/div>\n\t\t<\/article>\n\t\t\t\t<article class=\"elementor-post elementor-grid-item post-31330 press-release-pt type-press-release-pt status-publish has-post-thumbnail hentry\">\n\t\t\t<div class=\"elementor-post__card\">\n\t\t\t\t<a class=\"elementor-post__thumbnail__link\" href=\"https:\/\/www.6dtechnologies.com\/fr\/press-release-pt\/6d-fete-23-ans\/\" tabindex=\"-1\"><div class=\"elementor-post__thumbnail\"><img loading=\"lazy\" decoding=\"async\" width=\"1600\" height=\"900\" src=\"https:\/\/www.6dtechnologies.com\/fr\/wp-content\/uploads\/sites\/3\/2025\/07\/IMG-20250723-WA0002.jpg\" class=\"attachment-full size-full wp-image-31332\" alt=\"\" srcset=\"https:\/\/www.6dtechnologies.com\/fr\/wp-content\/uploads\/sites\/3\/2025\/07\/IMG-20250723-WA0002.jpg 1600w, https:\/\/www.6dtechnologies.com\/fr\/wp-content\/uploads\/sites\/3\/2025\/07\/IMG-20250723-WA0002-300x169.jpg 300w, https:\/\/www.6dtechnologies.com\/fr\/wp-content\/uploads\/sites\/3\/2025\/07\/IMG-20250723-WA0002-1024x576.jpg 1024w, https:\/\/www.6dtechnologies.com\/fr\/wp-content\/uploads\/sites\/3\/2025\/07\/IMG-20250723-WA0002-768x432.jpg 768w, https:\/\/www.6dtechnologies.com\/fr\/wp-content\/uploads\/sites\/3\/2025\/07\/IMG-20250723-WA0002-1536x864.jpg 1536w\" sizes=\"(max-width: 1600px) 100vw, 1600px\" \/><\/div><\/a>\n\t\t\t\t<div class=\"elementor-post__text\">\n\t\t\t\t<h3 class=\"elementor-post__title\">\n\t\t\t<a href=\"https:\/\/www.6dtechnologies.com\/fr\/press-release-pt\/6d-fete-23-ans\/\">\n\t\t\t\t6D Technologies c\u00e9l\u00e8bre 23 ans d&#8217;innovation dans les t\u00e9l\u00e9communications\t\t\t<\/a>\n\t\t<\/h3>\n\t\t\t\t<div class=\"elementor-post__excerpt\">\n\t\t\t<p>23 juillet 2025 \u2013 6D Technologies, leader mondial des solutions de t\u00e9l\u00e9communications et de transformation num\u00e9rique, c\u00e9l\u00e8bre 23 ans d&#8217;innovation,<\/p>\n\t\t<\/div>\n\t\t\n\t\t<a class=\"elementor-post__read-more\" href=\"https:\/\/www.6dtechnologies.com\/fr\/press-release-pt\/6d-fete-23-ans\/\" aria-label=\"Read more about 6D Technologies c\u00e9l\u00e8bre 23 ans d&#8217;innovation dans les t\u00e9l\u00e9communications\" tabindex=\"-1\">\n\t\t\tRead More\t\t<\/a>\n\n\t\t\t\t<\/div>\n\t\t\t\t\t<\/div>\n\t\t<\/article>\n\t\t\t\t<\/div>\n\t\t\n\t\t\t\t<div class=\"e-load-more-anchor\" data-page=\"1\" data-max-page=\"8\" data-next-page=\"https:\/\/www.6dtechnologies.com\/fr\/wp-json\/wp\/v2\/pages\/19352\/page\/2\/\"><\/div>\n\t\t\t\t<nav class=\"elementor-pagination\" aria-label=\"Pagination\">\n\t\t\t<span aria-current=\"page\" class=\"page-numbers current\"><span class=\"elementor-screen-only\">Page<\/span>1<\/span>\n<a class=\"page-numbers\" href=\"https:\/\/www.6dtechnologies.com\/fr\/wp-json\/wp\/v2\/pages\/19352\/page\/2\/\"><span class=\"elementor-screen-only\">Page<\/span>2<\/a>\n<a class=\"page-numbers\" href=\"https:\/\/www.6dtechnologies.com\/fr\/wp-json\/wp\/v2\/pages\/19352\/page\/3\/\"><span class=\"elementor-screen-only\">Page<\/span>3<\/a>\n<a class=\"page-numbers\" href=\"https:\/\/www.6dtechnologies.com\/fr\/wp-json\/wp\/v2\/pages\/19352\/page\/4\/\"><span class=\"elementor-screen-only\">Page<\/span>4<\/a>\n<a class=\"page-numbers\" href=\"https:\/\/www.6dtechnologies.com\/fr\/wp-json\/wp\/v2\/pages\/19352\/page\/5\/\"><span class=\"elementor-screen-only\">Page<\/span>5<\/a>\n<a class=\"page-numbers\" href=\"https:\/\/www.6dtechnologies.com\/fr\/wp-json\/wp\/v2\/pages\/19352\/page\/6\/\"><span class=\"elementor-screen-only\">Page<\/span>6<\/a>\t\t<\/nav>\n\t\t\t\t<\/div>\n\t\t\t\t<\/div>\n\t\t\t\t\t<\/div>\n\t\t<\/div>\n\t\t\t\t\t<\/div>\n\t\t<\/section>\n\t\t\t\t<\/div>\n\t\t","protected":false},"excerpt":{"rendered":"<p>Communiqu\u00e9 de presse Blogs Vid\u00e9os \u00c9v\u00e9nements Communiqu\u00e9 de presse<\/p>\n","protected":false},"author":1,"featured_media":0,"parent":0,"menu_order":0,"comment_status":"closed","ping_status":"closed","template":"elementor_header_footer","meta":{"_acf_changed":false,"content-type":"","footnotes":""},"class_list":["post-19352","page","type-page","status-publish","hentry"],"acf":[],"_links":{"self":[{"href":"https:\/\/www.6dtechnologies.com\/fr\/wp-json\/wp\/v2\/pages\/19352","targetHints":{"allow":["GET"]}}],"collection":[{"href":"https:\/\/www.6dtechnologies.com\/fr\/wp-json\/wp\/v2\/pages"}],"about":[{"href":"https:\/\/www.6dtechnologies.com\/fr\/wp-json\/wp\/v2\/types\/page"}],"author":[{"embeddable":true,"href":"https:\/\/www.6dtechnologies.com\/fr\/wp-json\/wp\/v2\/users\/1"}],"replies":[{"embeddable":true,"href":"https:\/\/www.6dtechnologies.com\/fr\/wp-json\/wp\/v2\/comments?post=19352"}],"version-history":[{"count":13,"href":"https:\/\/www.6dtechnologies.com\/fr\/wp-json\/wp\/v2\/pages\/19352\/revisions"}],"predecessor-version":[{"id":31638,"href":"https:\/\/www.6dtechnologies.com\/fr\/wp-json\/wp\/v2\/pages\/19352\/revisions\/31638"}],"wp:attachment":[{"href":"https:\/\/www.6dtechnologies.com\/fr\/wp-json\/wp\/v2\/media?parent=19352"}],"curies":[{"name":"wp","href":"https:\/\/api.w.org\/{rel}","templated":true}]}}