{"id":19492,"date":"2023-10-10T07:55:15","date_gmt":"2023-10-10T07:55:15","guid":{"rendered":"https:\/\/www.6dtechnologies.com\/fr\/?page_id=19492"},"modified":"2025-08-05T15:23:11","modified_gmt":"2025-08-05T15:23:11","slug":"events","status":"publish","type":"page","link":"https:\/\/www.6dtechnologies.com\/fr\/evenements\/","title":{"rendered":"Events"},"content":{"rendered":"\t\t<div data-elementor-type=\"wp-page\" data-elementor-id=\"19492\" class=\"elementor elementor-19492\" data-elementor-post-type=\"page\">\n\t\t\t\t\t\t<section class=\"elementor-section elementor-top-section elementor-element elementor-element-0d42b82 elementor-section-boxed elementor-section-height-default elementor-section-height-default\" data-id=\"0d42b82\" data-element_type=\"section\" data-settings=\"{&quot;background_background&quot;:&quot;classic&quot;}\">\n\t\t\t\t\t\t\t<div class=\"elementor-background-overlay\"><\/div>\n\t\t\t\t\t\t\t<div class=\"elementor-container elementor-column-gap-default\">\n\t\t\t\t\t<div class=\"elementor-column elementor-col-100 elementor-top-column elementor-element elementor-element-8691b48\" data-id=\"8691b48\" data-element_type=\"column\">\n\t\t\t<div class=\"elementor-widget-wrap elementor-element-populated\">\n\t\t\t\t\t\t<div class=\"elementor-element elementor-element-2666bd5 elementor-widget elementor-widget-heading\" data-id=\"2666bd5\" data-element_type=\"widget\" data-widget_type=\"heading.default\">\n\t\t\t\t<div class=\"elementor-widget-container\">\n\t\t\t<h1 class=\"elementor-heading-title elementor-size-default\">Events<\/h1>\t\t<\/div>\n\t\t\t\t<\/div>\n\t\t\t\t<div class=\"elementor-element elementor-element-9609ec6 elementor-widget__width-initial elementor-search-form--skin-classic elementor-search-form--button-type-icon elementor-search-form--icon-search elementor-widget elementor-widget-search-form\" data-id=\"9609ec6\" data-element_type=\"widget\" data-settings=\"{&quot;skin&quot;:&quot;classic&quot;}\" data-widget_type=\"search-form.default\">\n\t\t\t\t<div class=\"elementor-widget-container\">\n\t\t\t\t\t<search role=\"search\">\n\t\t\t<form class=\"elementor-search-form\" action=\"https:\/\/www.6dtechnologies.com\/fr\" method=\"get\">\n\t\t\t\t\t\t\t\t\t\t\t\t<div class=\"elementor-search-form__container\">\n\t\t\t\t\t<label class=\"elementor-screen-only\" for=\"elementor-search-form-9609ec6\">Search<\/label>\n\n\t\t\t\t\t\n\t\t\t\t\t<input id=\"elementor-search-form-9609ec6\" placeholder=\"Search...\" class=\"elementor-search-form__input\" type=\"search\" name=\"s\" value=\"\">\n\t\t\t\t\t\n\t\t\t\t\t\t\t\t\t\t\t<button class=\"elementor-search-form__submit\" type=\"submit\" aria-label=\"Search\">\n\t\t\t\t\t\t\t\t\t\t\t\t\t\t\t<i aria-hidden=\"true\" class=\"fas fa-search\"><\/i>\t\t\t\t\t\t\t\t<span class=\"elementor-screen-only\">Search<\/span>\n\t\t\t\t\t\t\t\t\t\t\t\t\t<\/button>\n\t\t\t\t\t\n\t\t\t\t\t\t\t\t\t<\/div>\n\t\t\t<\/form>\n\t\t<\/search>\n\t\t\t\t<\/div>\n\t\t\t\t<\/div>\n\t\t\t\t\t<\/div>\n\t\t<\/div>\n\t\t\t\t\t<\/div>\n\t\t<\/section>\n\t\t\t\t<section class=\"elementor-section elementor-top-section elementor-element elementor-element-d03dcd9 elementor-section-full_width elementor-section-height-default elementor-section-height-default\" data-id=\"d03dcd9\" data-element_type=\"section\" data-settings=\"{&quot;background_background&quot;:&quot;classic&quot;}\">\n\t\t\t\t\t\t<div class=\"elementor-container elementor-column-gap-default\">\n\t\t\t\t\t<div class=\"elementor-column elementor-col-100 elementor-top-column elementor-element elementor-element-d1f8691\" data-id=\"d1f8691\" data-element_type=\"column\">\n\t\t\t<div class=\"elementor-widget-wrap elementor-element-populated\">\n\t\t\t\t\t\t<section class=\"elementor-section elementor-inner-section elementor-element elementor-element-a851d95 elementor-section-boxed elementor-section-height-default elementor-section-height-default\" data-id=\"a851d95\" data-element_type=\"section\">\n\t\t\t\t\t\t<div class=\"elementor-container elementor-column-gap-extended\">\n\t\t\t\t\t<div class=\"elementor-column elementor-col-100 elementor-inner-column elementor-element elementor-element-924991d\" data-id=\"924991d\" data-element_type=\"column\">\n\t\t\t<div class=\"elementor-widget-wrap elementor-element-populated\">\n\t\t\t\t\t\t<div class=\"elementor-element elementor-element-4e712ce elementor-widget elementor-widget-shortcode\" data-id=\"4e712ce\" data-element_type=\"widget\" data-widget_type=\"shortcode.default\">\n\t\t\t\t<div class=\"elementor-widget-container\">\n\t\t\t\t\t<div class=\"elementor-shortcode\"><nav aria-label=\"breadcrumbs\" class=\"rank-math-breadcrumb\"><p><span class=\"last\">Home<\/span><\/p><\/nav><\/div>\n\t\t\t\t<\/div>\n\t\t\t\t<\/div>\n\t\t\t\t\t<\/div>\n\t\t<\/div>\n\t\t\t\t\t<\/div>\n\t\t<\/section>\n\t\t\t\t<section class=\"elementor-section elementor-inner-section elementor-element elementor-element-9dd6ec8 elementor-section-boxed elementor-section-height-default elementor-section-height-default\" data-id=\"9dd6ec8\" data-element_type=\"section\">\n\t\t\t\t\t\t<div class=\"elementor-container elementor-column-gap-extended\">\n\t\t\t\t\t<div class=\"elementor-column elementor-col-100 elementor-inner-column elementor-element elementor-element-6c10bd7\" data-id=\"6c10bd7\" data-element_type=\"column\">\n\t\t\t<div class=\"elementor-widget-wrap elementor-element-populated\">\n\t\t\t\t\t\t<div class=\"elementor-element elementor-element-5237834 elementor-align-center elementor-widget__width-auto elementor-widget elementor-widget-button\" data-id=\"5237834\" data-element_type=\"widget\" data-widget_type=\"button.default\">\n\t\t\t\t<div class=\"elementor-widget-container\">\n\t\t\t\t\t\t\t<div class=\"elementor-button-wrapper\">\n\t\t\t\t\t<a class=\"elementor-button elementor-button-link elementor-size-sm\" href=\"https:\/\/www.6dtechnologies.com\/fr\/blog\/\">\n\t\t\t\t\t\t<span class=\"elementor-button-content-wrapper\">\n\t\t\t\t\t\t\t\t\t<span class=\"elementor-button-text\">Blogues<\/span>\n\t\t\t\t\t<\/span>\n\t\t\t\t\t<\/a>\n\t\t\t\t<\/div>\n\t\t\t\t\t\t<\/div>\n\t\t\t\t<\/div>\n\t\t\t\t<div class=\"elementor-element elementor-element-c78efff elementor-align-center elementor-widget__width-auto elementor-widget elementor-widget-button\" data-id=\"c78efff\" data-element_type=\"widget\" data-widget_type=\"button.default\">\n\t\t\t\t<div class=\"elementor-widget-container\">\n\t\t\t\t\t\t\t<div class=\"elementor-button-wrapper\">\n\t\t\t\t\t<a class=\"elementor-button elementor-button-link elementor-size-sm\" href=\"https:\/\/www.6dtechnologies.com\/fr\/ressources\/videos\/\">\n\t\t\t\t\t\t<span class=\"elementor-button-content-wrapper\">\n\t\t\t\t\t\t\t\t\t<span class=\"elementor-button-text\">Vid\u00e9os<\/span>\n\t\t\t\t\t<\/span>\n\t\t\t\t\t<\/a>\n\t\t\t\t<\/div>\n\t\t\t\t\t\t<\/div>\n\t\t\t\t<\/div>\n\t\t\t\t<div class=\"elementor-element elementor-element-3b4d8b5 elementor-align-center elementor-widget__width-auto elementor-widget elementor-widget-button\" data-id=\"3b4d8b5\" data-element_type=\"widget\" data-widget_type=\"button.default\">\n\t\t\t\t<div class=\"elementor-widget-container\">\n\t\t\t\t\t\t\t<div class=\"elementor-button-wrapper\">\n\t\t\t\t\t<a class=\"elementor-button elementor-button-link elementor-size-sm\" href=\"https:\/\/www.6dtechnologies.com\/fr\/evenements\/\">\n\t\t\t\t\t\t<span class=\"elementor-button-content-wrapper\">\n\t\t\t\t\t\t\t\t\t<span class=\"elementor-button-text\">\u00c9v\u00e9nements<\/span>\n\t\t\t\t\t<\/span>\n\t\t\t\t\t<\/a>\n\t\t\t\t<\/div>\n\t\t\t\t\t\t<\/div>\n\t\t\t\t<\/div>\n\t\t\t\t<div class=\"elementor-element elementor-element-f3c7681 elementor-align-center elementor-widget__width-auto elementor-widget elementor-widget-button\" data-id=\"f3c7681\" data-element_type=\"widget\" data-widget_type=\"button.default\">\n\t\t\t\t<div class=\"elementor-widget-container\">\n\t\t\t\t\t\t\t<div class=\"elementor-button-wrapper\">\n\t\t\t\t\t<a class=\"elementor-button elementor-button-link elementor-size-sm\" href=\"https:\/\/www.6dtechnologies.com\/fr\/communique-de-presse\/\">\n\t\t\t\t\t\t<span class=\"elementor-button-content-wrapper\">\n\t\t\t\t\t\t\t\t\t<span class=\"elementor-button-text\">Communiqu\u00e9 de presse<\/span>\n\t\t\t\t\t<\/span>\n\t\t\t\t\t<\/a>\n\t\t\t\t<\/div>\n\t\t\t\t\t\t<\/div>\n\t\t\t\t<\/div>\n\t\t\t\t\t<\/div>\n\t\t<\/div>\n\t\t\t\t\t<\/div>\n\t\t<\/section>\n\t\t\t\t\t<\/div>\n\t\t<\/div>\n\t\t\t\t\t<\/div>\n\t\t<\/section>\n\t\t\t\t<section class=\"elementor-section elementor-top-section elementor-element elementor-element-ef90838 elementor-section-content-top elementor-section-boxed elementor-section-height-default elementor-section-height-default\" data-id=\"ef90838\" data-element_type=\"section\" data-settings=\"{&quot;background_background&quot;:&quot;classic&quot;}\">\n\t\t\t\t\t\t<div class=\"elementor-container elementor-column-gap-no\">\n\t\t\t\t\t<div class=\"elementor-column elementor-col-100 elementor-top-column elementor-element elementor-element-c747e50\" data-id=\"c747e50\" data-element_type=\"column\">\n\t\t\t<div class=\"elementor-widget-wrap elementor-element-populated\">\n\t\t\t\t\t\t<div class=\"elementor-element elementor-element-9c03476 events elementor-grid-3 elementor-grid-tablet-2 elementor-grid-mobile-1 elementor-posts--thumbnail-top elementor-card-shadow-yes elementor-posts__hover-gradient elementor-widget elementor-widget-posts\" data-id=\"9c03476\" data-element_type=\"widget\" data-settings=\"{&quot;cards_columns&quot;:&quot;3&quot;,&quot;cards_columns_tablet&quot;:&quot;2&quot;,&quot;cards_columns_mobile&quot;:&quot;1&quot;,&quot;cards_row_gap&quot;:{&quot;unit&quot;:&quot;px&quot;,&quot;size&quot;:35,&quot;sizes&quot;:[]},&quot;cards_row_gap_tablet&quot;:{&quot;unit&quot;:&quot;px&quot;,&quot;size&quot;:&quot;&quot;,&quot;sizes&quot;:[]},&quot;cards_row_gap_mobile&quot;:{&quot;unit&quot;:&quot;px&quot;,&quot;size&quot;:&quot;&quot;,&quot;sizes&quot;:[]}}\" data-widget_type=\"posts.cards\">\n\t\t\t\t<div class=\"elementor-widget-container\">\n\t\t\t\t\t<div class=\"elementor-posts-container elementor-posts elementor-posts--skin-cards elementor-grid\">\n\t\t\t\t<article class=\"elementor-post elementor-grid-item post-31674 events type-events status-publish format-standard has-post-thumbnail hentry\">\n\t\t\t<div class=\"elementor-post__card\">\n\t\t\t\t<a class=\"elementor-post__thumbnail__link\" href=\"https:\/\/www.6dtechnologies.com\/fr\/events\/6d-technologies-au-mwc-barcelone-2026\/\" tabindex=\"-1\"><div class=\"elementor-post__thumbnail\"><img fetchpriority=\"high\" decoding=\"async\" width=\"1920\" height=\"1080\" src=\"https:\/\/www.6dtechnologies.com\/fr\/wp-content\/uploads\/sites\/3\/2025\/12\/Event-Landing-Page-French.jpg\" class=\"attachment-full size-full wp-image-31675\" alt=\"MWC Barcelone 2026 met en avant 6D Technologies\" srcset=\"https:\/\/www.6dtechnologies.com\/fr\/wp-content\/uploads\/sites\/3\/2025\/12\/Event-Landing-Page-French.jpg 1920w, https:\/\/www.6dtechnologies.com\/fr\/wp-content\/uploads\/sites\/3\/2025\/12\/Event-Landing-Page-French-300x169.jpg 300w, https:\/\/www.6dtechnologies.com\/fr\/wp-content\/uploads\/sites\/3\/2025\/12\/Event-Landing-Page-French-1024x576.jpg 1024w, https:\/\/www.6dtechnologies.com\/fr\/wp-content\/uploads\/sites\/3\/2025\/12\/Event-Landing-Page-French-768x432.jpg 768w, https:\/\/www.6dtechnologies.com\/fr\/wp-content\/uploads\/sites\/3\/2025\/12\/Event-Landing-Page-French-1536x864.jpg 1536w\" sizes=\"(max-width: 1920px) 100vw, 1920px\" \/><\/div><\/a>\n\t\t\t\t<div class=\"elementor-post__text\">\n\t\t\t\t<h3 class=\"elementor-post__title\">\n\t\t\t<a href=\"https:\/\/www.6dtechnologies.com\/fr\/events\/6d-technologies-au-mwc-barcelone-2026\/\">\n\t\t\t\t6D Technologies au MWC Barcelona 2026\t\t\t<\/a>\n\t\t<\/h3>\n\t\t\t\t<div class=\"elementor-post__excerpt\">\n\t\t\t<p>6D Technologies est ravi d&#8217;exposer au MWC Barcelona 2026, le plus important \u00e9v\u00e9nement mondial d\u00e9di\u00e9 \u00e0 la connectivit\u00e9 et \u00e0<\/p>\n\t\t<\/div>\n\t\t\n\t\t<a class=\"elementor-post__read-more\" href=\"https:\/\/www.6dtechnologies.com\/fr\/events\/6d-technologies-au-mwc-barcelone-2026\/\" aria-label=\"Read more about 6D Technologies au MWC Barcelona 2026\" tabindex=\"-1\">\n\t\t\tExplore More\t\t<\/a>\n\n\t\t\t\t<\/div>\n\t\t\t\t\t<\/div>\n\t\t<\/article>\n\t\t\t\t<article class=\"elementor-post elementor-grid-item post-31640 events type-events status-publish format-standard has-post-thumbnail hentry\">\n\t\t\t<div class=\"elementor-post__card\">\n\t\t\t\t<a class=\"elementor-post__thumbnail__link\" href=\"https:\/\/www.6dtechnologies.com\/fr\/events\/bridge-alliance-cxo-forum-2025\/\" tabindex=\"-1\"><div class=\"elementor-post__thumbnail\"><img decoding=\"async\" width=\"1568\" height=\"784\" src=\"https:\/\/www.6dtechnologies.com\/fr\/wp-content\/uploads\/sites\/3\/2025\/10\/Bridge-Alliance-CXO-Forum-2025_FR.png\" class=\"attachment-full size-full wp-image-31641\" alt=\"Bridge Alliance CXO Forum 2025_FR\" srcset=\"https:\/\/www.6dtechnologies.com\/fr\/wp-content\/uploads\/sites\/3\/2025\/10\/Bridge-Alliance-CXO-Forum-2025_FR.png 1568w, https:\/\/www.6dtechnologies.com\/fr\/wp-content\/uploads\/sites\/3\/2025\/10\/Bridge-Alliance-CXO-Forum-2025_FR-300x150.png 300w, https:\/\/www.6dtechnologies.com\/fr\/wp-content\/uploads\/sites\/3\/2025\/10\/Bridge-Alliance-CXO-Forum-2025_FR-1024x512.png 1024w, https:\/\/www.6dtechnologies.com\/fr\/wp-content\/uploads\/sites\/3\/2025\/10\/Bridge-Alliance-CXO-Forum-2025_FR-768x384.png 768w, https:\/\/www.6dtechnologies.com\/fr\/wp-content\/uploads\/sites\/3\/2025\/10\/Bridge-Alliance-CXO-Forum-2025_FR-1536x768.png 1536w\" sizes=\"(max-width: 1568px) 100vw, 1568px\" \/><\/div><\/a>\n\t\t\t\t<div class=\"elementor-post__text\">\n\t\t\t\t<h3 class=\"elementor-post__title\">\n\t\t\t<a href=\"https:\/\/www.6dtechnologies.com\/fr\/events\/bridge-alliance-cxo-forum-2025\/\">\n\t\t\t\t6D Technologies au Bridge Alliance CXO Forum 2025\t\t\t<\/a>\n\t\t<\/h3>\n\t\t\t\t<div class=\"elementor-post__excerpt\">\n\t\t\t<p>6D Technologies au Bridge Alliance CXO Forum 2025 6D Technologies est fi\u00e8re de participer au Bridge Alliance CXO Forum 2025,<\/p>\n\t\t<\/div>\n\t\t\n\t\t<a class=\"elementor-post__read-more\" href=\"https:\/\/www.6dtechnologies.com\/fr\/events\/bridge-alliance-cxo-forum-2025\/\" aria-label=\"Read more about 6D Technologies au Bridge Alliance CXO Forum 2025\" tabindex=\"-1\">\n\t\t\tExplore More\t\t<\/a>\n\n\t\t\t\t<\/div>\n\t\t\t\t\t<\/div>\n\t\t<\/article>\n\t\t\t\t<article class=\"elementor-post elementor-grid-item post-31569 events type-events status-publish format-standard has-post-thumbnail hentry\">\n\t\t\t<div class=\"elementor-post__card\">\n\t\t\t\t<a class=\"elementor-post__thumbnail__link\" href=\"https:\/\/www.6dtechnologies.com\/fr\/events\/innovate-asia-25\/\" tabindex=\"-1\"><div class=\"elementor-post__thumbnail\"><img decoding=\"async\" width=\"1568\" height=\"784\" src=\"https:\/\/www.6dtechnologies.com\/fr\/wp-content\/uploads\/sites\/3\/2025\/09\/DTW-2025-FR.png\" class=\"attachment-full size-full wp-image-31570\" alt=\"Innovate Asia-25 Fr\" srcset=\"https:\/\/www.6dtechnologies.com\/fr\/wp-content\/uploads\/sites\/3\/2025\/09\/DTW-2025-FR.png 1568w, https:\/\/www.6dtechnologies.com\/fr\/wp-content\/uploads\/sites\/3\/2025\/09\/DTW-2025-FR-300x150.png 300w, https:\/\/www.6dtechnologies.com\/fr\/wp-content\/uploads\/sites\/3\/2025\/09\/DTW-2025-FR-1024x512.png 1024w, https:\/\/www.6dtechnologies.com\/fr\/wp-content\/uploads\/sites\/3\/2025\/09\/DTW-2025-FR-768x384.png 768w, https:\/\/www.6dtechnologies.com\/fr\/wp-content\/uploads\/sites\/3\/2025\/09\/DTW-2025-FR-1536x768.png 1536w\" sizes=\"(max-width: 1568px) 100vw, 1568px\" \/><\/div><\/a>\n\t\t\t\t<div class=\"elementor-post__text\">\n\t\t\t\t<h3 class=\"elementor-post__title\">\n\t\t\t<a href=\"https:\/\/www.6dtechnologies.com\/fr\/events\/innovate-asia-25\/\">\n\t\t\t\tInnovate Asia-25\t\t\t<\/a>\n\t\t<\/h3>\n\t\t\t\t<div class=\"elementor-post__excerpt\">\n\t\t\t<p>6D Technologies est ravi de participer \u00e0 TM Forum Innovate Asia-25, qui se tiendra du 25 au 27 novembre 2025<\/p>\n\t\t<\/div>\n\t\t\n\t\t<a class=\"elementor-post__read-more\" href=\"https:\/\/www.6dtechnologies.com\/fr\/events\/innovate-asia-25\/\" aria-label=\"Read more about Innovate Asia-25\" tabindex=\"-1\">\n\t\t\tExplore More\t\t<\/a>\n\n\t\t\t\t<\/div>\n\t\t\t\t\t<\/div>\n\t\t<\/article>\n\t\t\t\t<article class=\"elementor-post elementor-grid-item post-31544 events type-events status-publish format-standard has-post-thumbnail hentry\">\n\t\t\t<div class=\"elementor-post__card\">\n\t\t\t\t<a class=\"elementor-post__thumbnail__link\" href=\"https:\/\/www.6dtechnologies.com\/fr\/events\/lcongres-mobile-de-linde25\/\" tabindex=\"-1\"><div class=\"elementor-post__thumbnail\"><img loading=\"lazy\" decoding=\"async\" width=\"1568\" height=\"784\" src=\"https:\/\/www.6dtechnologies.com\/fr\/wp-content\/uploads\/sites\/3\/2025\/09\/Congres-mobile-en-Inde-2025-French-02.png\" class=\"attachment-full size-full wp-image-31561\" alt=\"Congr\u00e8s mobile en Inde 2025-French-02\" srcset=\"https:\/\/www.6dtechnologies.com\/fr\/wp-content\/uploads\/sites\/3\/2025\/09\/Congres-mobile-en-Inde-2025-French-02.png 1568w, https:\/\/www.6dtechnologies.com\/fr\/wp-content\/uploads\/sites\/3\/2025\/09\/Congres-mobile-en-Inde-2025-French-02-300x150.png 300w, https:\/\/www.6dtechnologies.com\/fr\/wp-content\/uploads\/sites\/3\/2025\/09\/Congres-mobile-en-Inde-2025-French-02-1024x512.png 1024w, https:\/\/www.6dtechnologies.com\/fr\/wp-content\/uploads\/sites\/3\/2025\/09\/Congres-mobile-en-Inde-2025-French-02-768x384.png 768w, https:\/\/www.6dtechnologies.com\/fr\/wp-content\/uploads\/sites\/3\/2025\/09\/Congres-mobile-en-Inde-2025-French-02-1536x768.png 1536w\" sizes=\"(max-width: 1568px) 100vw, 1568px\" \/><\/div><\/a>\n\t\t\t\t<div class=\"elementor-post__text\">\n\t\t\t\t<h3 class=\"elementor-post__title\">\n\t\t\t<a href=\"https:\/\/www.6dtechnologies.com\/fr\/events\/lcongres-mobile-de-linde25\/\">\n\t\t\t\t6D Technologies expose \u00e0 l\u2019Congr\u00e8s Mobile de l\u2019Inde 2025\t\t\t<\/a>\n\t\t<\/h3>\n\t\t\t\t<div class=\"elementor-post__excerpt\">\n\t\t\t<p>l\u2019Congr\u00e8s Mobile de l\u2019Inde 2025 Innovation aliment\u00e9e par l\u2019IA \u00e0 l\u2019Congr\u00e8s Mobile de l\u2019Inde 2025 8\u201311 octobre 2025 | Yashobhoomi,<\/p>\n\t\t<\/div>\n\t\t\n\t\t<a class=\"elementor-post__read-more\" href=\"https:\/\/www.6dtechnologies.com\/fr\/events\/lcongres-mobile-de-linde25\/\" aria-label=\"Read more about 6D Technologies expose \u00e0 l\u2019Congr\u00e8s Mobile de l\u2019Inde 2025\" tabindex=\"-1\">\n\t\t\tExplore More\t\t<\/a>\n\n\t\t\t\t<\/div>\n\t\t\t\t\t<\/div>\n\t\t<\/article>\n\t\t\t\t<article class=\"elementor-post elementor-grid-item post-31327 events type-events status-publish format-standard has-post-thumbnail hentry\">\n\t\t\t<div class=\"elementor-post__card\">\n\t\t\t\t<a class=\"elementor-post__thumbnail__link\" href=\"https:\/\/www.6dtechnologies.com\/fr\/events\/sommet-indien-du-haut-debit\/\" tabindex=\"-1\"><div class=\"elementor-post__thumbnail\"><img loading=\"lazy\" decoding=\"async\" width=\"1568\" height=\"784\" src=\"https:\/\/www.6dtechnologies.com\/fr\/wp-content\/uploads\/sites\/3\/2025\/07\/Broadband-India-Summit-2025_Fr.jpg\" class=\"attachment-full size-full wp-image-31328\" alt=\"Sommet indien du haut d\u00e9bit 2025\" srcset=\"https:\/\/www.6dtechnologies.com\/fr\/wp-content\/uploads\/sites\/3\/2025\/07\/Broadband-India-Summit-2025_Fr.jpg 1568w, https:\/\/www.6dtechnologies.com\/fr\/wp-content\/uploads\/sites\/3\/2025\/07\/Broadband-India-Summit-2025_Fr-300x150.jpg 300w, https:\/\/www.6dtechnologies.com\/fr\/wp-content\/uploads\/sites\/3\/2025\/07\/Broadband-India-Summit-2025_Fr-1024x512.jpg 1024w, https:\/\/www.6dtechnologies.com\/fr\/wp-content\/uploads\/sites\/3\/2025\/07\/Broadband-India-Summit-2025_Fr-768x384.jpg 768w, https:\/\/www.6dtechnologies.com\/fr\/wp-content\/uploads\/sites\/3\/2025\/07\/Broadband-India-Summit-2025_Fr-1536x768.jpg 1536w\" sizes=\"(max-width: 1568px) 100vw, 1568px\" \/><\/div><\/a>\n\t\t\t\t<div class=\"elementor-post__text\">\n\t\t\t\t<h3 class=\"elementor-post__title\">\n\t\t\t<a href=\"https:\/\/www.6dtechnologies.com\/fr\/events\/sommet-indien-du-haut-debit\/\">\n\t\t\t\tSommet indien du haut d\u00e9bit 2025\t\t\t<\/a>\n\t\t<\/h3>\n\t\t\t\t<div class=\"elementor-post__excerpt\">\n\t\t\t<p>6D Technologies au BBIS 2025 \u2013 Sommet indien du haut d\u00e9bit 2025 &nbsp; Date\u00a0: 17 juillet 2025 Lieu\u00a0: Shangri-La, New<\/p>\n\t\t<\/div>\n\t\t\n\t\t<a class=\"elementor-post__read-more\" href=\"https:\/\/www.6dtechnologies.com\/fr\/events\/sommet-indien-du-haut-debit\/\" aria-label=\"Read more about Sommet indien du haut d\u00e9bit 2025\" tabindex=\"-1\">\n\t\t\tExplore More\t\t<\/a>\n\n\t\t\t\t<\/div>\n\t\t\t\t\t<\/div>\n\t\t<\/article>\n\t\t\t\t<article class=\"elementor-post elementor-grid-item post-31235 events type-events status-publish format-standard has-post-thumbnail hentry\">\n\t\t\t<div class=\"elementor-post__card\">\n\t\t\t\t<a class=\"elementor-post__thumbnail__link\" href=\"https:\/\/www.6dtechnologies.com\/fr\/events\/bharat-6g-25\/\" tabindex=\"-1\"><div class=\"elementor-post__thumbnail\"><img loading=\"lazy\" decoding=\"async\" width=\"1568\" height=\"784\" src=\"https:\/\/www.6dtechnologies.com\/fr\/wp-content\/uploads\/sites\/3\/2025\/05\/Bharat-6G-25_French.png\" class=\"attachment-full size-full wp-image-31237\" alt=\"Bharat 6G 25_French\" srcset=\"https:\/\/www.6dtechnologies.com\/fr\/wp-content\/uploads\/sites\/3\/2025\/05\/Bharat-6G-25_French.png 1568w, https:\/\/www.6dtechnologies.com\/fr\/wp-content\/uploads\/sites\/3\/2025\/05\/Bharat-6G-25_French-300x150.png 300w, https:\/\/www.6dtechnologies.com\/fr\/wp-content\/uploads\/sites\/3\/2025\/05\/Bharat-6G-25_French-1024x512.png 1024w, https:\/\/www.6dtechnologies.com\/fr\/wp-content\/uploads\/sites\/3\/2025\/05\/Bharat-6G-25_French-768x384.png 768w, https:\/\/www.6dtechnologies.com\/fr\/wp-content\/uploads\/sites\/3\/2025\/05\/Bharat-6G-25_French-1536x768.png 1536w\" sizes=\"(max-width: 1568px) 100vw, 1568px\" \/><\/div><\/a>\n\t\t\t\t<div class=\"elementor-post__text\">\n\t\t\t\t<h3 class=\"elementor-post__title\">\n\t\t\t<a href=\"https:\/\/www.6dtechnologies.com\/fr\/events\/bharat-6g-25\/\">\n\t\t\t\tBharat 6G 25\t\t\t<\/a>\n\t\t<\/h3>\n\t\t\t\t<div class=\"elementor-post__excerpt\">\n\t\t\t<p>6D Technologies : Partenaire de pr\u00e9sentation au Bharat 6G 25 D\u00e9couvrez comment l\u2019IA transforme l\u2019avenir des t\u00e9l\u00e9communications gr\u00e2ce \u00e0 des<\/p>\n\t\t<\/div>\n\t\t\n\t\t<a class=\"elementor-post__read-more\" href=\"https:\/\/www.6dtechnologies.com\/fr\/events\/bharat-6g-25\/\" aria-label=\"Read more about Bharat 6G 25\" tabindex=\"-1\">\n\t\t\tExplore More\t\t<\/a>\n\n\t\t\t\t<\/div>\n\t\t\t\t\t<\/div>\n\t\t<\/article>\n\t\t\t\t<\/div>\n\t\t\n\t\t\t\t<div class=\"e-load-more-anchor\" data-page=\"1\" data-max-page=\"4\" data-next-page=\"https:\/\/www.6dtechnologies.com\/fr\/wp-json\/wp\/v2\/pages\/19492\/page\/2\/\"><\/div>\n\t\t\t\t<nav class=\"elementor-pagination\" aria-label=\"Pagination\">\n\t\t\t<span aria-current=\"page\" class=\"page-numbers current\"><span class=\"elementor-screen-only\">Page<\/span>1<\/span>\n<a class=\"page-numbers\" href=\"https:\/\/www.6dtechnologies.com\/fr\/wp-json\/wp\/v2\/pages\/19492\/page\/2\/\"><span class=\"elementor-screen-only\">Page<\/span>2<\/a>\n<a class=\"page-numbers\" href=\"https:\/\/www.6dtechnologies.com\/fr\/wp-json\/wp\/v2\/pages\/19492\/page\/3\/\"><span class=\"elementor-screen-only\">Page<\/span>3<\/a>\n<a class=\"page-numbers\" href=\"https:\/\/www.6dtechnologies.com\/fr\/wp-json\/wp\/v2\/pages\/19492\/page\/4\/\"><span class=\"elementor-screen-only\">Page<\/span>4<\/a>\t\t<\/nav>\n\t\t\t\t<\/div>\n\t\t\t\t<\/div>\n\t\t\t\t\t<\/div>\n\t\t<\/div>\n\t\t\t\t\t<\/div>\n\t\t<\/section>\n\t\t\t\t<\/div>\n\t\t","protected":false},"excerpt":{"rendered":"<p>Events Blogues Vid\u00e9os \u00c9v\u00e9nements Communiqu\u00e9 de presse<\/p>\n","protected":false},"author":1,"featured_media":0,"parent":0,"menu_order":0,"comment_status":"closed","ping_status":"closed","template":"elementor_header_footer","meta":{"_acf_changed":false,"content-type":"","footnotes":""},"class_list":["post-19492","page","type-page","status-publish","hentry"],"acf":[],"_links":{"self":[{"href":"https:\/\/www.6dtechnologies.com\/fr\/wp-json\/wp\/v2\/pages\/19492","targetHints":{"allow":["GET"]}}],"collection":[{"href":"https:\/\/www.6dtechnologies.com\/fr\/wp-json\/wp\/v2\/pages"}],"about":[{"href":"https:\/\/www.6dtechnologies.com\/fr\/wp-json\/wp\/v2\/types\/page"}],"author":[{"embeddable":true,"href":"https:\/\/www.6dtechnologies.com\/fr\/wp-json\/wp\/v2\/users\/1"}],"replies":[{"embeddable":true,"href":"https:\/\/www.6dtechnologies.com\/fr\/wp-json\/wp\/v2\/comments?post=19492"}],"version-history":[{"count":7,"href":"https:\/\/www.6dtechnologies.com\/fr\/wp-json\/wp\/v2\/pages\/19492\/revisions"}],"predecessor-version":[{"id":31424,"href":"https:\/\/www.6dtechnologies.com\/fr\/wp-json\/wp\/v2\/pages\/19492\/revisions\/31424"}],"wp:attachment":[{"href":"https:\/\/www.6dtechnologies.com\/fr\/wp-json\/wp\/v2\/media?parent=19492"}],"curies":[{"name":"wp","href":"https:\/\/api.w.org\/{rel}","templated":true}]}}