{"id":20422,"date":"2023-10-12T11:37:58","date_gmt":"2023-10-12T11:37:58","guid":{"rendered":"https:\/\/www.6dtechnologies.com\/fr\/?page_id=20422"},"modified":"2025-08-05T15:35:31","modified_gmt":"2025-08-05T15:35:31","slug":"industries","status":"publish","type":"page","link":"https:\/\/www.6dtechnologies.com\/fr\/industries\/","title":{"rendered":"Industries"},"content":{"rendered":"\t\t<div data-elementor-type=\"wp-page\" data-elementor-id=\"20422\" class=\"elementor elementor-20422\" data-elementor-post-type=\"page\">\n\t\t\t\t\t\t<section class=\"elementor-section elementor-top-section elementor-element elementor-element-0d42b82 elementor-section-boxed elementor-section-height-default elementor-section-height-default\" data-id=\"0d42b82\" data-element_type=\"section\" data-settings=\"{&quot;background_background&quot;:&quot;classic&quot;}\">\n\t\t\t\t\t\t\t<div class=\"elementor-background-overlay\"><\/div>\n\t\t\t\t\t\t\t<div class=\"elementor-container elementor-column-gap-default\">\n\t\t\t\t\t<div class=\"elementor-column elementor-col-100 elementor-top-column elementor-element elementor-element-8691b48\" data-id=\"8691b48\" data-element_type=\"column\">\n\t\t\t<div class=\"elementor-widget-wrap elementor-element-populated\">\n\t\t\t\t\t\t<div class=\"elementor-element elementor-element-2666bd5 elementor-widget elementor-widget-heading\" data-id=\"2666bd5\" data-element_type=\"widget\" data-widget_type=\"heading.default\">\n\t\t\t\t<div class=\"elementor-widget-container\">\n\t\t\t<h1 class=\"elementor-heading-title elementor-size-default\">les industries<\/h1>\t\t<\/div>\n\t\t\t\t<\/div>\n\t\t\t\t\t<\/div>\n\t\t<\/div>\n\t\t\t\t\t<\/div>\n\t\t<\/section>\n\t\t\t\t<section class=\"elementor-section elementor-top-section elementor-element elementor-element-d03dcd9 elementor-section-full_width elementor-section-height-default elementor-section-height-default\" data-id=\"d03dcd9\" data-element_type=\"section\" data-settings=\"{&quot;background_background&quot;:&quot;classic&quot;}\">\n\t\t\t\t\t\t<div class=\"elementor-container elementor-column-gap-default\">\n\t\t\t\t\t<div class=\"elementor-column elementor-col-100 elementor-top-column elementor-element elementor-element-d1f8691\" data-id=\"d1f8691\" data-element_type=\"column\">\n\t\t\t<div class=\"elementor-widget-wrap elementor-element-populated\">\n\t\t\t\t\t\t<section class=\"elementor-section elementor-inner-section elementor-element elementor-element-a851d95 elementor-section-full_width elementor-section-height-default elementor-section-height-default\" data-id=\"a851d95\" data-element_type=\"section\">\n\t\t\t\t\t\t<div class=\"elementor-container elementor-column-gap-extended\">\n\t\t\t\t\t<div class=\"elementor-column elementor-col-100 elementor-inner-column elementor-element elementor-element-924991d\" data-id=\"924991d\" data-element_type=\"column\">\n\t\t\t<div class=\"elementor-widget-wrap elementor-element-populated\">\n\t\t\t\t\t\t<div class=\"elementor-element elementor-element-4e712ce elementor-widget elementor-widget-shortcode\" data-id=\"4e712ce\" data-element_type=\"widget\" data-widget_type=\"shortcode.default\">\n\t\t\t\t<div class=\"elementor-widget-container\">\n\t\t\t\t\t<div class=\"elementor-shortcode\"><nav aria-label=\"breadcrumbs\" class=\"rank-math-breadcrumb\"><p><span class=\"last\">Home<\/span><\/p><\/nav><\/div>\n\t\t\t\t<\/div>\n\t\t\t\t<\/div>\n\t\t\t\t<div class=\"elementor-element elementor-element-d659cf4 elementor-widget elementor-widget-text-editor\" data-id=\"d659cf4\" data-element_type=\"widget\" data-widget_type=\"text-editor.default\">\n\t\t\t\t<div class=\"elementor-widget-container\">\n\t\t\t\t\t\t\t<div class=\"sp\"><div class=\"inspectLayerContent block inspectRow\"><div class=\"content\">Chez 6D Technologies, notre engagement en faveur de l&#8217;innovation, de la fiabilit\u00e9 et de l&#8217;orientation client nous pousse \u00e0 cr\u00e9er des solutions sur mesure pour les secteurs que nous servons\u00a0:\u00a0t\u00e9l\u00e9communications, entreprises, gouvernance, ainsi que banques et technologies financi\u00e8res. Nous comprenons les d\u00e9fis et opportunit\u00e9s uniques auxquels les organisations sont confront\u00e9es dans ces secteurs, et notre objectif est d&#8217;\u00eatre un partenaire strat\u00e9gique dans leur parcours avec des solutions innovantes pour leurs utilisateurs finaux.<\/div><\/div><\/div>\t\t\t\t\t\t<\/div>\n\t\t\t\t<\/div>\n\t\t\t\t\t<\/div>\n\t\t<\/div>\n\t\t\t\t\t<\/div>\n\t\t<\/section>\n\t\t\t\t\t<\/div>\n\t\t<\/div>\n\t\t\t\t\t<\/div>\n\t\t<\/section>\n\t\t\t\t<section class=\"elementor-section elementor-top-section elementor-element elementor-element-ef90838 elementor-section-content-top elementor-section-boxed elementor-section-height-default elementor-section-height-default\" data-id=\"ef90838\" data-element_type=\"section\" data-settings=\"{&quot;background_background&quot;:&quot;classic&quot;}\">\n\t\t\t\t\t\t<div class=\"elementor-container elementor-column-gap-no\">\n\t\t\t\t\t<div class=\"elementor-column elementor-col-100 elementor-top-column elementor-element elementor-element-c747e50\" data-id=\"c747e50\" data-element_type=\"column\">\n\t\t\t<div class=\"elementor-widget-wrap elementor-element-populated\">\n\t\t\t\t\t\t<section class=\"elementor-section elementor-inner-section elementor-element elementor-element-8f3cfd1 elementor-section-boxed elementor-section-height-default elementor-section-height-default\" data-id=\"8f3cfd1\" data-element_type=\"section\">\n\t\t\t\t\t\t<div class=\"elementor-container elementor-column-gap-default\">\n\t\t\t\t\t<div class=\"elementor-column elementor-col-100 elementor-inner-column elementor-element elementor-element-ac13c98\" data-id=\"ac13c98\" data-element_type=\"column\">\n\t\t\t<div class=\"elementor-widget-wrap elementor-element-populated\">\n\t\t\t\t\t\t<div class=\"elementor-element elementor-element-bd5fa5e elementor-absolute elementor-widget elementor-widget-image\" data-id=\"bd5fa5e\" data-element_type=\"widget\" data-settings=\"{&quot;_position&quot;:&quot;absolute&quot;}\" data-widget_type=\"image.default\">\n\t\t\t\t<div class=\"elementor-widget-container\">\n\t\t\t\t\t\t\t\t\t\t\t\t\t<img decoding=\"async\" width=\"123\" height=\"241\" src=\"https:\/\/www.6dtechnologies.com\/fr\/wp-content\/uploads\/sites\/3\/2023\/09\/left-lines.svg\" class=\"attachment-large size-large wp-image-12388\" alt=\"\" \/>\t\t\t\t\t\t\t\t\t\t\t\t\t<\/div>\n\t\t\t\t<\/div>\n\t\t\t\t\t<\/div>\n\t\t<\/div>\n\t\t\t\t\t<\/div>\n\t\t<\/section>\n\t\t\t\t<section class=\"elementor-section elementor-inner-section elementor-element elementor-element-2f85c9a elementor-section-full_width elementor-section-height-default elementor-section-height-default\" data-id=\"2f85c9a\" data-element_type=\"section\">\n\t\t\t\t\t\t<div class=\"elementor-container elementor-column-gap-default\">\n\t\t\t\t\t<div class=\"elementor-column elementor-col-100 elementor-inner-column elementor-element elementor-element-e3df453\" data-id=\"e3df453\" data-element_type=\"column\">\n\t\t\t<div class=\"elementor-widget-wrap elementor-element-populated\">\n\t\t\t\t\t\t<div class=\"elementor-element elementor-element-99dcfd0 elementor-widget elementor-widget-heading\" data-id=\"99dcfd0\" data-element_type=\"widget\" data-widget_type=\"heading.default\">\n\t\t\t\t<div class=\"elementor-widget-container\">\n\t\t\t<h2 class=\"elementor-heading-title elementor-size-default\">Ce que nous offrons<\/h2>\t\t<\/div>\n\t\t\t\t<\/div>\n\t\t\t\t\t<\/div>\n\t\t<\/div>\n\t\t\t\t\t<\/div>\n\t\t<\/section>\n\t\t\t\t<section class=\"elementor-section elementor-inner-section elementor-element elementor-element-6468671 elementor-section-full_width elementor-section-height-default elementor-section-height-default\" data-id=\"6468671\" data-element_type=\"section\" data-settings=\"{&quot;background_background&quot;:&quot;classic&quot;}\">\n\t\t\t\t\t\t<div class=\"elementor-container elementor-column-gap-default\">\n\t\t\t\t\t<div class=\"elementor-column elementor-col-100 elementor-inner-column elementor-element elementor-element-0402dd0\" data-id=\"0402dd0\" data-element_type=\"column\">\n\t\t\t<div class=\"elementor-widget-wrap elementor-element-populated\">\n\t\t\t\t\t\t<div class=\"elementor-element elementor-element-5e04a0f elementor-widget elementor-widget-heading\" data-id=\"5e04a0f\" data-element_type=\"widget\" data-widget_type=\"heading.default\">\n\t\t\t\t<div class=\"elementor-widget-container\">\n\t\t\t<h2 class=\"elementor-heading-title elementor-size-default\">T\u00e9l\u00e9communication<\/h2>\t\t<\/div>\n\t\t\t\t<\/div>\n\t\t\t\t<section class=\"elementor-section elementor-inner-section elementor-element elementor-element-1762192 elementor-section-full_width elementor-section-height-default elementor-section-height-default\" data-id=\"1762192\" data-element_type=\"section\" data-settings=\"{&quot;background_background&quot;:&quot;classic&quot;}\">\n\t\t\t\t\t\t<div class=\"elementor-container elementor-column-gap-default\">\n\t\t\t\t\t<div class=\"elementor-column elementor-col-50 elementor-inner-column elementor-element elementor-element-6a951d2\" data-id=\"6a951d2\" data-element_type=\"column\" data-settings=\"{&quot;background_background&quot;:&quot;classic&quot;}\">\n\t\t\t<div class=\"elementor-widget-wrap elementor-element-populated\">\n\t\t\t\t\t\t<div class=\"elementor-element elementor-element-eacf7e4 elementor-widget elementor-widget-image\" data-id=\"eacf7e4\" data-element_type=\"widget\" data-widget_type=\"image.default\">\n\t\t\t\t<div class=\"elementor-widget-container\">\n\t\t\t\t\t\t\t\t\t\t\t\t\t<img decoding=\"async\" src=\"https:\/\/www.6dtechnologies.com\/fr\/wp-content\/uploads\/sites\/3\/elementor\/thumbs\/Industries-Telecommunication-scaled-qkmqjolyt0tjc8uutaeaccsfnqwizqg60fvr41rzbs.jpg\" title=\"Industries Telecommunication\" alt=\"Industries Telecommunication\" loading=\"lazy\" \/>\t\t\t\t\t\t\t\t\t\t\t\t\t<\/div>\n\t\t\t\t<\/div>\n\t\t\t\t\t<\/div>\n\t\t<\/div>\n\t\t\t\t<div class=\"elementor-column elementor-col-50 elementor-inner-column elementor-element elementor-element-48504e0\" data-id=\"48504e0\" data-element_type=\"column\">\n\t\t\t<div class=\"elementor-widget-wrap elementor-element-populated\">\n\t\t\t\t\t\t<div class=\"elementor-element elementor-element-cec8e76 elementor-widget elementor-widget-text-editor\" data-id=\"cec8e76\" data-element_type=\"widget\" data-widget_type=\"text-editor.default\">\n\t\t\t\t<div class=\"elementor-widget-container\">\n\t\t\t\t\t\t\t<p>Dans le monde en \u00e9volution rapide des t\u00e9l\u00e9communications, 6D Technologies propose des solutions de pointe pour les CSP et les op\u00e9rateurs. Notre expertise en mati\u00e8re de gestion du BSS num\u00e9rique, de l&#8217;IoT et de la connectivit\u00e9 aide les entreprises de t\u00e9l\u00e9communications \u00e0 garder une longueur d&#8217;avance sur le march\u00e9 concurrentiel, \u00e0 am\u00e9liorer l&#8217;exp\u00e9rience client et \u00e0 stimuler la croissance des revenus.<\/p>\t\t\t\t\t\t<\/div>\n\t\t\t\t<\/div>\n\t\t\t\t<div class=\"elementor-element elementor-element-2de7493 elementor-widget elementor-widget-heading\" data-id=\"2de7493\" data-element_type=\"widget\" data-widget_type=\"heading.default\">\n\t\t\t\t<div class=\"elementor-widget-container\">\n\t\t\t<span class=\"elementor-heading-title elementor-size-default\"><a href=\"https:\/\/www.6dtechnologies.com\/fr\/industries\/telecommunication\/\">En savoir plus<\/a><\/span>\t\t<\/div>\n\t\t\t\t<\/div>\n\t\t\t\t\t<\/div>\n\t\t<\/div>\n\t\t\t\t\t<\/div>\n\t\t<\/section>\n\t\t\t\t\t<\/div>\n\t\t<\/div>\n\t\t\t\t\t<\/div>\n\t\t<\/section>\n\t\t\t\t<section class=\"elementor-section elementor-inner-section elementor-element elementor-element-7d5abbe elementor-section-full_width elementor-section-height-default elementor-section-height-default\" data-id=\"7d5abbe\" data-element_type=\"section\" data-settings=\"{&quot;background_background&quot;:&quot;classic&quot;}\">\n\t\t\t\t\t\t<div class=\"elementor-container elementor-column-gap-default\">\n\t\t\t\t\t<div class=\"elementor-column elementor-col-100 elementor-inner-column elementor-element elementor-element-d2eb411\" data-id=\"d2eb411\" data-element_type=\"column\">\n\t\t\t<div class=\"elementor-widget-wrap elementor-element-populated\">\n\t\t\t\t\t\t<div class=\"elementor-element elementor-element-13ff737 elementor-widget elementor-widget-heading\" data-id=\"13ff737\" data-element_type=\"widget\" data-widget_type=\"heading.default\">\n\t\t\t\t<div class=\"elementor-widget-container\">\n\t\t\t<h2 class=\"elementor-heading-title elementor-size-default\">Enterprise<\/h2>\t\t<\/div>\n\t\t\t\t<\/div>\n\t\t\t\t<section class=\"elementor-section elementor-inner-section elementor-element elementor-element-ecfa0a5 elementor-section-full_width elementor-section-height-default elementor-section-height-default\" data-id=\"ecfa0a5\" data-element_type=\"section\" data-settings=\"{&quot;background_background&quot;:&quot;classic&quot;}\">\n\t\t\t\t\t\t<div class=\"elementor-container elementor-column-gap-default\">\n\t\t\t\t\t<div class=\"elementor-column elementor-col-50 elementor-inner-column elementor-element elementor-element-27e827b\" data-id=\"27e827b\" data-element_type=\"column\" data-settings=\"{&quot;background_background&quot;:&quot;classic&quot;}\">\n\t\t\t<div class=\"elementor-widget-wrap elementor-element-populated\">\n\t\t\t\t\t\t<div class=\"elementor-element elementor-element-15bd6fb elementor-widget elementor-widget-image\" data-id=\"15bd6fb\" data-element_type=\"widget\" data-widget_type=\"image.default\">\n\t\t\t\t<div class=\"elementor-widget-container\">\n\t\t\t\t\t\t\t\t\t\t\t\t\t<img decoding=\"async\" src=\"https:\/\/www.6dtechnologies.com\/fr\/wp-content\/uploads\/sites\/3\/elementor\/thumbs\/Industries-Enterprise-scaled-qkmqjolyt0tjc8uutaeaccsfnqwizqg60fvr41rzbs.jpg\" title=\"Industries Enterprise\" alt=\"Industries Enterprise\" loading=\"lazy\" \/>\t\t\t\t\t\t\t\t\t\t\t\t\t<\/div>\n\t\t\t\t<\/div>\n\t\t\t\t\t<\/div>\n\t\t<\/div>\n\t\t\t\t<div class=\"elementor-column elementor-col-50 elementor-inner-column elementor-element elementor-element-4e09b2f\" data-id=\"4e09b2f\" data-element_type=\"column\">\n\t\t\t<div class=\"elementor-widget-wrap elementor-element-populated\">\n\t\t\t\t\t\t<div class=\"elementor-element elementor-element-c63cdc7 elementor-widget elementor-widget-text-editor\" data-id=\"c63cdc7\" data-element_type=\"widget\" data-widget_type=\"text-editor.default\">\n\t\t\t\t<div class=\"elementor-widget-container\">\n\t\t\t\t\t\t\t<p>Pour les entreprises qui recherchent une transformation num\u00e9rique et une am\u00e9lioration de leur efficacit\u00e9, 6D Technologies propose une gamme de solutions. Des plateformes CRM compl\u00e8tes \u00e0 la gestion de la connectivit\u00e9 IoT, nos offres permettent aux entreprises de rationaliser leurs op\u00e9rations, d&#8217;augmenter leur productivit\u00e9 et de fournir des services de qualit\u00e9 sup\u00e9rieure \u00e0 leurs clients.<\/p>\t\t\t\t\t\t<\/div>\n\t\t\t\t<\/div>\n\t\t\t\t<div class=\"elementor-element elementor-element-c69aa96 elementor-widget elementor-widget-heading\" data-id=\"c69aa96\" data-element_type=\"widget\" data-widget_type=\"heading.default\">\n\t\t\t\t<div class=\"elementor-widget-container\">\n\t\t\t<span class=\"elementor-heading-title elementor-size-default\"><a href=\"https:\/\/www.6dtechnologies.com\/fr\/offerings-2\/enterprise\/\">En savoir plus<\/a><\/span>\t\t<\/div>\n\t\t\t\t<\/div>\n\t\t\t\t\t<\/div>\n\t\t<\/div>\n\t\t\t\t\t<\/div>\n\t\t<\/section>\n\t\t\t\t\t<\/div>\n\t\t<\/div>\n\t\t\t\t\t<\/div>\n\t\t<\/section>\n\t\t\t\t<section class=\"elementor-section elementor-inner-section elementor-element elementor-element-ee0715c elementor-section-full_width elementor-section-height-default elementor-section-height-default\" data-id=\"ee0715c\" data-element_type=\"section\" data-settings=\"{&quot;background_background&quot;:&quot;classic&quot;}\">\n\t\t\t\t\t\t<div class=\"elementor-container elementor-column-gap-default\">\n\t\t\t\t\t<div class=\"elementor-column elementor-col-100 elementor-inner-column elementor-element elementor-element-53cb67d\" data-id=\"53cb67d\" data-element_type=\"column\">\n\t\t\t<div class=\"elementor-widget-wrap elementor-element-populated\">\n\t\t\t\t\t\t<div class=\"elementor-element elementor-element-b9e3a40 elementor-widget elementor-widget-heading\" data-id=\"b9e3a40\" data-element_type=\"widget\" data-widget_type=\"heading.default\">\n\t\t\t\t<div class=\"elementor-widget-container\">\n\t\t\t<h2 class=\"elementor-heading-title elementor-size-default\">Gouvernance<\/h2>\t\t<\/div>\n\t\t\t\t<\/div>\n\t\t\t\t<section class=\"elementor-section elementor-inner-section elementor-element elementor-element-4b86d54 elementor-section-full_width elementor-section-height-default elementor-section-height-default\" data-id=\"4b86d54\" data-element_type=\"section\" data-settings=\"{&quot;background_background&quot;:&quot;classic&quot;}\">\n\t\t\t\t\t\t<div class=\"elementor-container elementor-column-gap-default\">\n\t\t\t\t\t<div class=\"elementor-column elementor-col-50 elementor-inner-column elementor-element elementor-element-5f97635\" data-id=\"5f97635\" data-element_type=\"column\" data-settings=\"{&quot;background_background&quot;:&quot;classic&quot;}\">\n\t\t\t<div class=\"elementor-widget-wrap elementor-element-populated\">\n\t\t\t\t\t\t<div class=\"elementor-element elementor-element-9996591 elementor-widget elementor-widget-image\" data-id=\"9996591\" data-element_type=\"widget\" data-widget_type=\"image.default\">\n\t\t\t\t<div class=\"elementor-widget-container\">\n\t\t\t\t\t\t\t\t\t\t\t\t\t<img decoding=\"async\" src=\"https:\/\/www.6dtechnologies.com\/fr\/wp-content\/uploads\/sites\/3\/elementor\/thumbs\/Industries-Governance-scaled-qkmqjolyt0tjc8uutaeaccsfnqwizqg60fvr41rzbs.jpg\" title=\"Industries Governance\" alt=\"Industries Governance\" loading=\"lazy\" \/>\t\t\t\t\t\t\t\t\t\t\t\t\t<\/div>\n\t\t\t\t<\/div>\n\t\t\t\t\t<\/div>\n\t\t<\/div>\n\t\t\t\t<div class=\"elementor-column elementor-col-50 elementor-inner-column elementor-element elementor-element-36e0c5e\" data-id=\"36e0c5e\" data-element_type=\"column\">\n\t\t\t<div class=\"elementor-widget-wrap elementor-element-populated\">\n\t\t\t\t\t\t<div class=\"elementor-element elementor-element-be752b2 elementor-widget elementor-widget-text-editor\" data-id=\"be752b2\" data-element_type=\"widget\" data-widget_type=\"text-editor.default\">\n\t\t\t\t<div class=\"elementor-widget-container\">\n\t\t\t\t\t\t\t<p>Nos solutions permettent aux organisations d&#8217;exploiter la puissance de la technologie pour am\u00e9liorer les services aux citoyens, une gestion efficace des ressources et une administration transparente. Les solutions de villes intelligentes bas\u00e9es sur l&#8217;IoT soutiennent les gouvernements dans leur mission visant \u00e0 cr\u00e9er des communaut\u00e9s plus intelligentes et plus connect\u00e9es.<\/p>\t\t\t\t\t\t<\/div>\n\t\t\t\t<\/div>\n\t\t\t\t<div class=\"elementor-element elementor-element-1f2b9f7 elementor-widget elementor-widget-heading\" data-id=\"1f2b9f7\" data-element_type=\"widget\" data-widget_type=\"heading.default\">\n\t\t\t\t<div class=\"elementor-widget-container\">\n\t\t\t<span class=\"elementor-heading-title elementor-size-default\"><a href=\"https:\/\/www.6dtechnologies.com\/fr\/offerings-2\/governance\/\">En savoir plus<\/a><\/span>\t\t<\/div>\n\t\t\t\t<\/div>\n\t\t\t\t\t<\/div>\n\t\t<\/div>\n\t\t\t\t\t<\/div>\n\t\t<\/section>\n\t\t\t\t\t<\/div>\n\t\t<\/div>\n\t\t\t\t\t<\/div>\n\t\t<\/section>\n\t\t\t\t<section class=\"elementor-section elementor-inner-section elementor-element elementor-element-71f5cd3 elementor-section-full_width elementor-section-height-default elementor-section-height-default\" data-id=\"71f5cd3\" data-element_type=\"section\" data-settings=\"{&quot;background_background&quot;:&quot;classic&quot;}\">\n\t\t\t\t\t\t<div class=\"elementor-container elementor-column-gap-default\">\n\t\t\t\t\t<div class=\"elementor-column elementor-col-100 elementor-inner-column elementor-element elementor-element-710b2ac\" data-id=\"710b2ac\" data-element_type=\"column\">\n\t\t\t<div class=\"elementor-widget-wrap elementor-element-populated\">\n\t\t\t\t\t\t<div class=\"elementor-element elementor-element-d616c7a elementor-widget elementor-widget-heading\" data-id=\"d616c7a\" data-element_type=\"widget\" data-widget_type=\"heading.default\">\n\t\t\t\t<div class=\"elementor-widget-container\">\n\t\t\t<h2 class=\"elementor-heading-title elementor-size-default\">Services financiers num\u00e9riques<\/h2>\t\t<\/div>\n\t\t\t\t<\/div>\n\t\t\t\t<section class=\"elementor-section elementor-inner-section elementor-element elementor-element-c9291ed elementor-section-full_width elementor-section-height-default elementor-section-height-default\" data-id=\"c9291ed\" data-element_type=\"section\" data-settings=\"{&quot;background_background&quot;:&quot;classic&quot;}\">\n\t\t\t\t\t\t<div class=\"elementor-container elementor-column-gap-default\">\n\t\t\t\t\t<div class=\"elementor-column elementor-col-50 elementor-inner-column elementor-element elementor-element-0460823\" data-id=\"0460823\" data-element_type=\"column\" data-settings=\"{&quot;background_background&quot;:&quot;classic&quot;}\">\n\t\t\t<div class=\"elementor-widget-wrap elementor-element-populated\">\n\t\t\t\t\t\t<div class=\"elementor-element elementor-element-5e668d2 elementor-widget elementor-widget-image\" data-id=\"5e668d2\" data-element_type=\"widget\" data-widget_type=\"image.default\">\n\t\t\t\t<div class=\"elementor-widget-container\">\n\t\t\t\t\t\t\t\t\t\t\t\t\t<img decoding=\"async\" src=\"https:\/\/www.6dtechnologies.com\/fr\/wp-content\/uploads\/sites\/3\/elementor\/thumbs\/Industries-Banking-_-Finance-scaled-qkmqjno4m6s90mw7yrznrv0z2d15s1cfob89mrtdi0.jpg\" title=\"Industries Banking-_-Finance\" alt=\"Industries Banking-_-Finance\" loading=\"lazy\" \/>\t\t\t\t\t\t\t\t\t\t\t\t\t<\/div>\n\t\t\t\t<\/div>\n\t\t\t\t\t<\/div>\n\t\t<\/div>\n\t\t\t\t<div class=\"elementor-column elementor-col-50 elementor-inner-column elementor-element elementor-element-c6ae113\" data-id=\"c6ae113\" data-element_type=\"column\">\n\t\t\t<div class=\"elementor-widget-wrap elementor-element-populated\">\n\t\t\t\t\t\t<div class=\"elementor-element elementor-element-90cebd1 elementor-widget elementor-widget-text-editor\" data-id=\"90cebd1\" data-element_type=\"widget\" data-widget_type=\"text-editor.default\">\n\t\t\t\t<div class=\"elementor-widget-container\">\n\t\t\t\t\t\t\t<p>Le secteur des services financiers \u00e9volue rapidement \u00e0 l\u2019\u00e8re du num\u00e9rique. Les solutions de 6D Technologies r\u00e9pondent \u00e0 cette transformation en fournissant des solutions financi\u00e8res num\u00e9riques qui permettent aux organisations d&#8217;offrir des services financiers s\u00e9curis\u00e9s, efficaces et conviviaux. Nous aidons les institutions financi\u00e8res \u00e0 rester comp\u00e9titives et \u00e0 am\u00e9liorer l\u2019inclusion financi\u00e8re.<\/p>\t\t\t\t\t\t<\/div>\n\t\t\t\t<\/div>\n\t\t\t\t<div class=\"elementor-element elementor-element-74a5387 elementor-widget elementor-widget-heading\" data-id=\"74a5387\" data-element_type=\"widget\" data-widget_type=\"heading.default\">\n\t\t\t\t<div class=\"elementor-widget-container\">\n\t\t\t<span class=\"elementor-heading-title elementor-size-default\"><a href=\"https:\/\/www.6dtechnologies.com\/fr\/offerings-2\/digital-financial-services\/\">En savoir plus<\/a><\/span>\t\t<\/div>\n\t\t\t\t<\/div>\n\t\t\t\t\t<\/div>\n\t\t<\/div>\n\t\t\t\t\t<\/div>\n\t\t<\/section>\n\t\t\t\t\t<\/div>\n\t\t<\/div>\n\t\t\t\t\t<\/div>\n\t\t<\/section>\n\t\t\t\t\t<\/div>\n\t\t<\/div>\n\t\t\t\t\t<\/div>\n\t\t<\/section>\n\t\t\t\t<\/div>\n\t\t","protected":false},"excerpt":{"rendered":"<p>les industries Chez 6D Technologies, notre engagement en faveur de l&#8217;innovation, de la fiabilit\u00e9 et de l&#8217;orientation client nous pousse \u00e0 cr\u00e9er des solutions sur mesure pour les secteurs que nous servons\u00a0:\u00a0t\u00e9l\u00e9communications, entreprises, gouvernance, ainsi que banques et technologies financi\u00e8res. Nous comprenons les d\u00e9fis et opportunit\u00e9s uniques auxquels les organisations sont confront\u00e9es dans ces secteurs, [&hellip;]<\/p>\n","protected":false},"author":1,"featured_media":0,"parent":0,"menu_order":0,"comment_status":"closed","ping_status":"closed","template":"elementor_header_footer","meta":{"_acf_changed":false,"content-type":"","footnotes":""},"class_list":["post-20422","page","type-page","status-publish","hentry"],"acf":[],"_links":{"self":[{"href":"https:\/\/www.6dtechnologies.com\/fr\/wp-json\/wp\/v2\/pages\/20422","targetHints":{"allow":["GET"]}}],"collection":[{"href":"https:\/\/www.6dtechnologies.com\/fr\/wp-json\/wp\/v2\/pages"}],"about":[{"href":"https:\/\/www.6dtechnologies.com\/fr\/wp-json\/wp\/v2\/types\/page"}],"author":[{"embeddable":true,"href":"https:\/\/www.6dtechnologies.com\/fr\/wp-json\/wp\/v2\/users\/1"}],"replies":[{"embeddable":true,"href":"https:\/\/www.6dtechnologies.com\/fr\/wp-json\/wp\/v2\/comments?post=20422"}],"version-history":[{"count":3,"href":"https:\/\/www.6dtechnologies.com\/fr\/wp-json\/wp\/v2\/pages\/20422\/revisions"}],"predecessor-version":[{"id":31454,"href":"https:\/\/www.6dtechnologies.com\/fr\/wp-json\/wp\/v2\/pages\/20422\/revisions\/31454"}],"wp:attachment":[{"href":"https:\/\/www.6dtechnologies.com\/fr\/wp-json\/wp\/v2\/media?parent=20422"}],"curies":[{"name":"wp","href":"https:\/\/api.w.org\/{rel}","templated":true}]}}