{"id":3,"date":"2023-08-05T06:23:14","date_gmt":"2023-08-05T06:23:14","guid":{"rendered":"https:\/\/www.6dtechnologies.com\/fr\/?page_id=3"},"modified":"2024-08-28T07:00:59","modified_gmt":"2024-08-28T07:00:59","slug":"privacy-policy","status":"publish","type":"page","link":"https:\/\/www.6dtechnologies.com\/fr\/privacy-policy\/","title":{"rendered":"Privacy Policy"},"content":{"rendered":"\t\t<div data-elementor-type=\"wp-page\" data-elementor-id=\"3\" class=\"elementor elementor-3\" data-elementor-post-type=\"page\">\n\t\t\t\t\t\t<section class=\"elementor-section elementor-top-section elementor-element elementor-element-4c722163 elementor-section-boxed elementor-section-height-default elementor-section-height-default\" data-id=\"4c722163\" data-element_type=\"section\">\n\t\t\t\t\t\t<div class=\"elementor-container elementor-column-gap-default\">\n\t\t\t\t\t<div class=\"elementor-column elementor-col-100 elementor-top-column elementor-element elementor-element-3b6792ec\" data-id=\"3b6792ec\" data-element_type=\"column\">\n\t\t\t<div class=\"elementor-widget-wrap elementor-element-populated\">\n\t\t\t\t\t\t<div class=\"elementor-element elementor-element-24cad455 elementor-widget elementor-widget-text-editor\" data-id=\"24cad455\" data-element_type=\"widget\" data-widget_type=\"text-editor.default\">\n\t\t\t\t<div class=\"elementor-widget-container\">\n\t\t\t\t\t\t\t<p>Nous, 6D Technologies, collectons des cookies aupr\u00e8s des visiteurs pour am\u00e9liorer l&#8217;exp\u00e9rience globale sur notre site Web, pour nous permettre de vous reconna\u00eetre lors de visites ult\u00e9rieures, pour autoriser d&#8217;autres sites Web d\u00e9sign\u00e9s \u00e0 vous reconna\u00eetre dans un but particulier et pour envoyer des communications marketing. Les cookies sont des fichiers stock\u00e9s sur votre appareil qui, en plus de stocker le nom d&#8217;un site Web, stockent \u00e9galement un identifiant pour vous. Il peut inclure d\u2019autres informations telles que\u00a0:<\/p><p>a) \u00a0\u00a0Liens sur lesquels vous cliquez<br \/>b) \u00a0\u00a0Pr\u00e9f\u00e9rences ou param\u00e8tres que vous choisissez<br \/>c)\u00a0\u00a0\u00a0Suivez les pages que vous avez visit\u00e9es dans le pass\u00e9<\/p><p>Autres informations personnelles telles que nom, adresse e-mail, t\u00e9l\u00e9phone, entreprise pour laquelle vous travaillez et quelques identifiants en ligne. Les informations collect\u00e9es par les cookies sont consid\u00e9r\u00e9es comme des donn\u00e9es personnelles. Il peut identifier votre appareil, et donc vous. Cela vaut g\u00e9n\u00e9ralement la peine d&#8217;accepter les cookies, car vous obtenez un contenu plus pertinent et une exp\u00e9rience personnalis\u00e9e. Toutefois, si vous ne souhaitez pas \u00eatre identifi\u00e9 ou b\u00e9n\u00e9ficier d&#8217;un service personnalis\u00e9, vous pouvez refuser compl\u00e8tement le cookie. Vous pouvez \u00e9galement supprimer les cookies d\u00e9j\u00e0 autoris\u00e9s et stock\u00e9s sur votre appareil.<\/p>\t\t\t\t\t\t<\/div>\n\t\t\t\t<\/div>\n\t\t\t\t\t<\/div>\n\t\t<\/div>\n\t\t\t\t\t<\/div>\n\t\t<\/section>\n\t\t\t\t<\/div>\n\t\t","protected":false},"excerpt":{"rendered":"<p>Nous, 6D Technologies, collectons des cookies aupr\u00e8s des visiteurs pour am\u00e9liorer l&#8217;exp\u00e9rience globale sur notre site Web, pour nous permettre de vous reconna\u00eetre lors de visites ult\u00e9rieures, pour autoriser d&#8217;autres sites Web d\u00e9sign\u00e9s \u00e0 vous reconna\u00eetre dans un but particulier et pour envoyer des communications marketing. Les cookies sont des fichiers stock\u00e9s sur votre appareil [&hellip;]<\/p>\n","protected":false},"author":1,"featured_media":0,"parent":0,"menu_order":0,"comment_status":"closed","ping_status":"open","template":"elementor_header_footer","meta":{"_acf_changed":false,"content-type":"","footnotes":""},"class_list":["post-3","page","type-page","status-publish","hentry"],"acf":[],"_links":{"self":[{"href":"https:\/\/www.6dtechnologies.com\/fr\/wp-json\/wp\/v2\/pages\/3","targetHints":{"allow":["GET"]}}],"collection":[{"href":"https:\/\/www.6dtechnologies.com\/fr\/wp-json\/wp\/v2\/pages"}],"about":[{"href":"https:\/\/www.6dtechnologies.com\/fr\/wp-json\/wp\/v2\/types\/page"}],"author":[{"embeddable":true,"href":"https:\/\/www.6dtechnologies.com\/fr\/wp-json\/wp\/v2\/users\/1"}],"replies":[{"embeddable":true,"href":"https:\/\/www.6dtechnologies.com\/fr\/wp-json\/wp\/v2\/comments?post=3"}],"version-history":[{"count":1,"href":"https:\/\/www.6dtechnologies.com\/fr\/wp-json\/wp\/v2\/pages\/3\/revisions"}],"predecessor-version":[{"id":30787,"href":"https:\/\/www.6dtechnologies.com\/fr\/wp-json\/wp\/v2\/pages\/3\/revisions\/30787"}],"wp:attachment":[{"href":"https:\/\/www.6dtechnologies.com\/fr\/wp-json\/wp\/v2\/media?parent=3"}],"curies":[{"name":"wp","href":"https:\/\/api.w.org\/{rel}","templated":true}]}}